{"id":1026,"date":"2021-05-13T19:11:14","date_gmt":"2021-05-13T17:11:14","guid":{"rendered":"http:\/\/qualivcommunication.com\/?page_id=1026"},"modified":"2025-06-06T14:41:16","modified_gmt":"2025-06-06T12:41:16","slug":"inscription-collective","status":"publish","type":"page","link":"https:\/\/qualivcommunication.com\/index.php\/inscription-collective\/","title":{"rendered":"Inscription collective"},"content":{"rendered":"\t\t<div data-elementor-type=\"wp-page\" data-elementor-id=\"1026\" class=\"elementor elementor-1026\">\n\t\t\t\t\t\t<section class=\"elementor-section elementor-top-section elementor-element elementor-element-387956f elementor-section-boxed elementor-section-height-default elementor-section-height-default\" data-id=\"387956f\" data-element_type=\"section\">\n\t\t\t\t\t\t<div class=\"elementor-container elementor-column-gap-default\">\n\t\t\t\t\t<div class=\"elementor-column elementor-col-100 elementor-top-column elementor-element elementor-element-ef18c06\" data-id=\"ef18c06\" data-element_type=\"column\">\n\t\t\t<div class=\"elementor-widget-wrap elementor-element-populated\">\n\t\t\t\t\t\t<div class=\"elementor-element elementor-element-3df810c elementor-widget elementor-widget-heading\" data-id=\"3df810c\" data-element_type=\"widget\" data-widget_type=\"heading.default\">\n\t\t\t\t<div class=\"elementor-widget-container\">\n\t\t\t\t\t<h2 class=\"elementor-heading-title elementor-size-default\">DEMANDE DE DEVIS <\/h2>\t\t\t\t<\/div>\n\t\t\t\t<\/div>\n\t\t\t\t\t<\/div>\n\t\t<\/div>\n\t\t\t\t\t<\/div>\n\t\t<\/section>\n\t\t\t\t<section class=\"elementor-section elementor-top-section elementor-element elementor-element-a1b608f elementor-section-boxed elementor-section-height-default elementor-section-height-default\" data-id=\"a1b608f\" data-element_type=\"section\">\n\t\t\t\t\t\t<div class=\"elementor-container elementor-column-gap-default\">\n\t\t\t\t\t<div class=\"elementor-column elementor-col-100 elementor-top-column elementor-element elementor-element-bf652ae\" data-id=\"bf652ae\" data-element_type=\"column\">\n\t\t\t<div class=\"elementor-widget-wrap elementor-element-populated\">\n\t\t\t\t\t\t<div class=\"elementor-element elementor-element-a134e20 elementor-widget elementor-widget-wpforms\" data-id=\"a134e20\" data-element_type=\"widget\" data-widget_type=\"wpforms.default\">\n\t\t\t\t<div class=\"elementor-widget-container\">\n\t\t\t\t\t<div class=\"wpforms-container wpforms-container-full\" id=\"wpforms-1009\"><form id=\"wpforms-form-1009\" class=\"wpforms-validate wpforms-form\" data-formid=\"1009\" method=\"post\" enctype=\"multipart\/form-data\" action=\"\/index.php\/wp-json\/wp\/v2\/pages\/1026\" data-token=\"4e1d2d8d92879269f4a40baa6b7f661e\" data-token-time=\"1776848678\"><noscript class=\"wpforms-error-noscript\">Veuillez activer JavaScript dans votre navigateur pour remplir ce formulaire.<\/noscript><div class=\"wpforms-field-container\"><div id=\"wpforms-1009-field_5-container\" class=\"wpforms-field wpforms-field-textarea\" data-field-id=\"5\"><label class=\"wpforms-field-label\" for=\"wpforms-1009-field_5\">Intitul\u00e9 de la formation<\/label><textarea id=\"wpforms-1009-field_5\" class=\"wpforms-field-medium\" name=\"wpforms[fields][5]\" ><\/textarea><\/div><div id=\"wpforms-1009-field_4-container\" class=\"wpforms-field wpforms-field-textarea\" data-field-id=\"4\"><label class=\"wpforms-field-label\" for=\"wpforms-1009-field_4\">P\u00e9riode souhait\u00e9e<\/label><textarea id=\"wpforms-1009-field_4\" class=\"wpforms-field-medium\" name=\"wpforms[fields][4]\" ><\/textarea><\/div><div id=\"wpforms-1009-field_6-container\" class=\"wpforms-field wpforms-field-checkbox\" data-field-id=\"6\"><label class=\"wpforms-field-label\">Format de la formation<\/label><ul id=\"wpforms-1009-field_6\"><li class=\"choice-1 depth-1\"><input type=\"checkbox\" id=\"wpforms-1009-field_6_1\" name=\"wpforms[fields][6][]\" value=\"Pr\u00e9sentiel\"  ><label class=\"wpforms-field-label-inline\" for=\"wpforms-1009-field_6_1\">Pr\u00e9sentiel<\/label><\/li><li class=\"choice-2 depth-1\"><input type=\"checkbox\" id=\"wpforms-1009-field_6_2\" name=\"wpforms[fields][6][]\" value=\"Distantiel\"  ><label class=\"wpforms-field-label-inline\" for=\"wpforms-1009-field_6_2\">Distantiel<\/label><\/li><li class=\"choice-3 depth-1\"><input type=\"checkbox\" id=\"wpforms-1009-field_6_3\" name=\"wpforms[fields][6][]\" value=\"Pr\u00e9sentiel\/distantiel (mixte)\"  ><label class=\"wpforms-field-label-inline\" for=\"wpforms-1009-field_6_3\">Pr\u00e9sentiel\/distantiel (mixte)<\/label><\/li><\/ul><\/div><div id=\"wpforms-1009-field_7-container\" class=\"wpforms-field wpforms-field-text\" data-field-id=\"7\"><label class=\"wpforms-field-label\" for=\"wpforms-1009-field_7\">Nom de l&#039;\u00e9tablissement<\/label><input type=\"text\" id=\"wpforms-1009-field_7\" class=\"wpforms-field-medium\" name=\"wpforms[fields][7]\" ><\/div><div id=\"wpforms-1009-field_8-container\" class=\"wpforms-field wpforms-field-textarea\" data-field-id=\"8\"><label class=\"wpforms-field-label\" for=\"wpforms-1009-field_8\">Adresse de l&#039;\u00e9tablissement<\/label><textarea id=\"wpforms-1009-field_8\" class=\"wpforms-field-medium\" name=\"wpforms[fields][8]\" ><\/textarea><\/div><div id=\"wpforms-1009-field_10-container\" class=\"wpforms-field wpforms-field-text\" data-field-id=\"10\"><label class=\"wpforms-field-label\" for=\"wpforms-1009-field_10\">T\u00e9l\u00e9phone<\/label><input type=\"text\" id=\"wpforms-1009-field_10\" class=\"wpforms-field-medium\" name=\"wpforms[fields][10]\" ><\/div><div id=\"wpforms-1009-field_12-container\" class=\"wpforms-field wpforms-field-email\" data-field-id=\"12\"><label class=\"wpforms-field-label\" for=\"wpforms-1009-field_12\">E-mail : <span class=\"wpforms-required-label\">*<\/span><\/label><input type=\"email\" id=\"wpforms-1009-field_12\" class=\"wpforms-field-medium wpforms-field-required\" name=\"wpforms[fields][12]\" spellcheck=\"false\" required><\/div><div id=\"wpforms-1009-field_11-container\" class=\"wpforms-field wpforms-field-text\" data-field-id=\"11\"><label class=\"wpforms-field-label\" for=\"wpforms-1009-field_11\">Siret de l&#039;\u00e9tablissement<\/label><input type=\"text\" id=\"wpforms-1009-field_11\" class=\"wpforms-field-medium\" name=\"wpforms[fields][11]\" ><\/div><div id=\"wpforms-1009-field_23-container\" class=\"wpforms-field wpforms-field-textarea\" data-field-id=\"23\"><label class=\"wpforms-field-label\" for=\"wpforms-1009-field_23\">De quel OPCO d\u00e9pendez-vous ? <\/label><textarea id=\"wpforms-1009-field_23\" class=\"wpforms-field-medium\" name=\"wpforms[fields][23]\" ><\/textarea><\/div><div id=\"wpforms-1009-field_13-container\" class=\"wpforms-field wpforms-field-text\" data-field-id=\"13\"><label class=\"wpforms-field-label\" for=\"wpforms-1009-field_13\">Personne \u00e0 contacter<\/label><input type=\"text\" id=\"wpforms-1009-field_13\" class=\"wpforms-field-medium\" name=\"wpforms[fields][13]\" ><\/div><div id=\"wpforms-1009-field_14-container\" class=\"wpforms-field wpforms-field-text\" data-field-id=\"14\"><label class=\"wpforms-field-label\" for=\"wpforms-1009-field_14\">Nombre de participants<\/label><input type=\"text\" id=\"wpforms-1009-field_14\" class=\"wpforms-field-medium\" name=\"wpforms[fields][14]\" ><\/div><div id=\"wpforms-1009-field_15-container\" class=\"wpforms-field wpforms-field-textarea\" data-field-id=\"15\"><label class=\"wpforms-field-label\" for=\"wpforms-1009-field_15\">Principales professions<\/label><textarea id=\"wpforms-1009-field_15\" class=\"wpforms-field-medium\" name=\"wpforms[fields][15]\" ><\/textarea><\/div><div id=\"wpforms-1009-field_16-container\" class=\"wpforms-field wpforms-field-textarea\" data-field-id=\"16\"><label class=\"wpforms-field-label\" for=\"wpforms-1009-field_16\">Dans quel contexte cette formation est-elle demand\u00e9e ?<\/label><textarea id=\"wpforms-1009-field_16\" class=\"wpforms-field-medium\" name=\"wpforms[fields][16]\" ><\/textarea><\/div><div id=\"wpforms-1009-field_17-container\" class=\"wpforms-field wpforms-field-textarea\" data-field-id=\"17\"><label class=\"wpforms-field-label\" for=\"wpforms-1009-field_17\">Quelles sont les attentes vis-\u00e0-vis de la formation ?<\/label><textarea id=\"wpforms-1009-field_17\" class=\"wpforms-field-medium\" name=\"wpforms[fields][17]\" ><\/textarea><\/div><div id=\"wpforms-1009-field_24-container\" class=\"wpforms-field wpforms-field-textarea\" data-field-id=\"24\"><label class=\"wpforms-field-label\" for=\"wpforms-1009-field_24\">Quelles sont les attentes pr\u00e9sum\u00e9es des stagiaires ? <\/label><textarea id=\"wpforms-1009-field_24\" class=\"wpforms-field-medium\" name=\"wpforms[fields][24]\" ><\/textarea><\/div><div id=\"wpforms-1009-field_28-container\" class=\"wpforms-field wpforms-field-textarea\" data-field-id=\"28\"><label class=\"wpforms-field-label\" for=\"wpforms-1009-field_28\">\u00c9ventuelles modifications souhait\u00e9es par rapport au programme initial (dur\u00e9e, objectifs, contenus\u2026)<\/label><textarea id=\"wpforms-1009-field_28\" class=\"wpforms-field-medium\" name=\"wpforms[fields][28]\" ><\/textarea><\/div><div id=\"wpforms-1009-field_26-container\" class=\"wpforms-field wpforms-field-textarea\" data-field-id=\"26\"><label class=\"wpforms-field-label\" for=\"wpforms-1009-field_26\">Y a t&#039;il des besoins sp\u00e9cifiques li\u00e9s \u00e0 une situation de handicap \u00e0 prendre en compte ? <\/label><textarea id=\"wpforms-1009-field_26\" class=\"wpforms-field-medium\" name=\"wpforms[fields][26]\" ><\/textarea><\/div><div id=\"wpforms-1009-field_27-container\" class=\"wpforms-field wpforms-field-textarea\" data-field-id=\"27\"><label class=\"wpforms-field-label\" for=\"wpforms-1009-field_27\">Autres informations que vous jugez utiles : <\/label><textarea id=\"wpforms-1009-field_27\" class=\"wpforms-field-medium\" name=\"wpforms[fields][27]\" ><\/textarea><\/div><\/div><!-- .wpforms-field-container --><div class=\"wpforms-recaptcha-container wpforms-is-recaptcha wpforms-is-recaptcha-type-v2\" ><div class=\"g-recaptcha\" data-sitekey=\"6LfQtlghAAAAAGO6dOANgusI4zgkcUrHH-ScgLil\"><\/div><input type=\"text\" name=\"g-recaptcha-hidden\" class=\"wpforms-recaptcha-hidden\" style=\"position:absolute!important;clip:rect(0,0,0,0)!important;height:1px!important;width:1px!important;border:0!important;overflow:hidden!important;padding:0!important;margin:0!important;\" data-rule-recaptcha=\"1\"><\/div><div class=\"wpforms-submit-container\" ><input type=\"hidden\" name=\"wpforms[id]\" value=\"1009\"><input type=\"hidden\" name=\"page_title\" value=\"\"><input type=\"hidden\" name=\"page_url\" value=\"https:\/\/qualivcommunication.com\/index.php\/wp-json\/wp\/v2\/pages\/1026\"><button type=\"submit\" name=\"wpforms[submit]\" id=\"wpforms-submit-1009\" class=\"wpforms-submit\" data-alt-text=\"Envoyer...\" data-submit-text=\"Soumettre\" aria-live=\"assertive\" value=\"wpforms-submit\">Soumettre<\/button><\/div><\/form><\/div>  <!-- .wpforms-container -->\t\t\t\t<\/div>\n\t\t\t\t<\/div>\n\t\t\t\t\t<\/div>\n\t\t<\/div>\n\t\t\t\t\t<\/div>\n\t\t<\/section>\n\t\t\t\t<section class=\"elementor-section elementor-top-section elementor-element elementor-element-3b3cab5c elementor-section-boxed elementor-section-height-default elementor-section-height-default\" data-id=\"3b3cab5c\" data-element_type=\"section\">\n\t\t\t\t\t\t<div class=\"elementor-container elementor-column-gap-default\">\n\t\t\t\t\t<div class=\"elementor-column elementor-col-100 elementor-top-column elementor-element elementor-element-62e48687\" data-id=\"62e48687\" data-element_type=\"column\">\n\t\t\t<div class=\"elementor-widget-wrap elementor-element-populated\">\n\t\t\t\t\t\t<div class=\"elementor-element elementor-element-2e8afeab eael_simple_menu_hamburger_disable_selected_menu_no eael-simple-menu-hamburger-align-right eael-hamburger--tablet elementor-widget elementor-widget-eael-simple-menu\" data-id=\"2e8afeab\" data-element_type=\"widget\" data-widget_type=\"eael-simple-menu.default\">\n\t\t\t\t<div class=\"elementor-widget-container\">\n\t\t\t\t\t<style>\n                        @media screen and (max-width: 1024px) {\n                            .eael-hamburger--tablet {\n                                .eael-simple-menu-horizontal,\n                                .eael-simple-menu-vertical {\n                                    display: none;\n                                }\n                            }\n                            .eael-hamburger--tablet {\n                                .eael-simple-menu-container .eael-simple-menu-toggle {\n                                    display: block;\n                                }\n                            }\n                        }\n                    <\/style>            <div data-hamburger-icon=\"&lt;i aria-hidden=&quot;true&quot; class=&quot;fas fa-bars&quot;&gt;&lt;\/i&gt;\" data-indicator-icon=\"&lt;i aria-hidden=&quot;true&quot; class=&quot;fas fa-angle-down&quot;&gt;&lt;\/i&gt;\" data-dropdown-indicator-icon=\"&lt;i class=&quot;fas fa-angle-down&quot;&gt;&lt;\/i&gt;\" class=\"eael-simple-menu-container eael-simple-menu-align-center eael-simple-menu-dropdown-align-left preset-2\" data-hamburger-breakpoints=\"{&quot;mobile&quot;:&quot;Portrait mobile (&gt; 767px)&quot;,&quot;tablet&quot;:&quot;Tablette en mode portrait (&gt; 1024px)&quot;,&quot;desktop&quot;:&quot;Desktop (&gt; 2400px)&quot;,&quot;none&quot;:&quot;None&quot;}\" data-hamburger-device=\"tablet\">\n                <ul id=\"menu-pied-de-page\" class=\"eael-simple-menu eael-simple-menu-dropdown-animate-to-top eael-simple-menu-indicator eael-simple-menu-horizontal\"><li id=\"menu-item-4965\" class=\"menu-item menu-item-type-post_type menu-item-object-page menu-item-4965\"><a href=\"https:\/\/qualivcommunication.com\/index.php\/cgv\/\">CGV<\/a><\/li>\n<li id=\"menu-item-4966\" class=\"menu-item menu-item-type-post_type menu-item-object-page menu-item-4966\"><a href=\"https:\/\/qualivcommunication.com\/index.php\/politique-de-confidentialite-2\/\">Politique de confidentialit\u00e9<\/a><\/li>\n<li id=\"menu-item-4967\" class=\"menu-item menu-item-type-post_type menu-item-object-page menu-item-4967\"><a href=\"https:\/\/qualivcommunication.com\/index.php\/reglement-interieur\/\">R\u00e8glement int\u00e9rieur<\/a><\/li>\n<\/ul>                <button class=\"eael-simple-menu-toggle\">\n                    <span class=\"sr-only \">Hamburger Toggle Menu<\/span>\n                    <i aria-hidden=\"true\" class=\"fas fa-bars\"><\/i>                <\/button>\n            <\/div>\n            \t\t\t\t<\/div>\n\t\t\t\t<\/div>\n\t\t\t\t\t<\/div>\n\t\t<\/div>\n\t\t\t\t\t<\/div>\n\t\t<\/section>\n\t\t\t\t<\/div>\n\t\t","protected":false},"excerpt":{"rendered":"<p>DEMANDE DE DEVIS Veuillez activer JavaScript dans votre navigateur pour remplir ce formulaire.Intitul\u00e9 de la formationP\u00e9riode souhait\u00e9eFormat de la formation Pr\u00e9sentiel Distantiel Pr\u00e9sentiel\/distantiel (mixte) Nom de l&#039;\u00e9tablissementAdresse de l&#039;\u00e9tablissementT\u00e9l\u00e9phoneE-mail : *Siret de l&#039;\u00e9tablissementDe quel OPCO d\u00e9pendez-vous ? Personne \u00e0 contacterNombre de participantsPrincipales professionsDans quel contexte cette formation est-elle demand\u00e9e ?Quelles sont les attentes vis-\u00e0-vis de [&hellip;]<\/p>\n","protected":false},"author":1,"featured_media":0,"parent":0,"menu_order":0,"comment_status":"closed","ping_status":"closed","template":"elementor_header_footer","meta":{"_monsterinsights_skip_tracking":false,"_monsterinsights_sitenote_active":false,"_monsterinsights_sitenote_note":"","_monsterinsights_sitenote_category":0,"_glsr_average":0,"_glsr_ranking":0,"_glsr_reviews":0,"footnotes":""},"class_list":["post-1026","page","type-page","status-publish","hentry"],"yoast_head":"<!-- This site is optimized with the Yoast SEO plugin v24.5 - https:\/\/yoast.com\/wordpress\/plugins\/seo\/ -->\n<title>Inscription collective - Quali V Communication<\/title>\n<meta name=\"robots\" content=\"index, follow, max-snippet:-1, max-image-preview:large, max-video-preview:-1\" \/>\n<link rel=\"canonical\" href=\"https:\/\/qualivcommunication.com\/index.php\/inscription-collective\/\" \/>\n<meta property=\"og:locale\" content=\"fr_FR\" \/>\n<meta property=\"og:type\" content=\"article\" \/>\n<meta property=\"og:title\" content=\"Inscription collective - Quali V Communication\" \/>\n<meta property=\"og:description\" content=\"DEMANDE DE DEVIS Veuillez activer JavaScript dans votre navigateur pour remplir ce formulaire.Intitul\u00e9 de la formationP\u00e9riode souhait\u00e9eFormat de la formation Pr\u00e9sentiel Distantiel Pr\u00e9sentiel\/distantiel (mixte) Nom de l&#039;\u00e9tablissementAdresse de l&#039;\u00e9tablissementT\u00e9l\u00e9phoneE-mail : *Siret de l&#039;\u00e9tablissementDe quel OPCO d\u00e9pendez-vous ? Personne \u00e0 contacterNombre de participantsPrincipales professionsDans quel contexte cette formation est-elle demand\u00e9e ?Quelles sont les attentes vis-\u00e0-vis de [&hellip;]\" \/>\n<meta property=\"og:url\" content=\"https:\/\/qualivcommunication.com\/index.php\/inscription-collective\/\" \/>\n<meta property=\"og:site_name\" content=\"Quali V Communication\" \/>\n<meta property=\"article:publisher\" content=\"https:\/\/www.facebook.com\/Qualivcommunication\/\" \/>\n<meta property=\"article:modified_time\" content=\"2025-06-06T12:41:16+00:00\" \/>\n<meta name=\"twitter:card\" content=\"summary_large_image\" \/>\n<meta name=\"twitter:label1\" content=\"Dur\u00e9e de lecture estim\u00e9e\" \/>\n\t<meta name=\"twitter:data1\" content=\"1 minute\" \/>\n<script type=\"application\/ld+json\" class=\"yoast-schema-graph\">{\"@context\":\"https:\/\/schema.org\",\"@graph\":[{\"@type\":\"WebPage\",\"@id\":\"https:\/\/qualivcommunication.com\/index.php\/inscription-collective\/\",\"url\":\"https:\/\/qualivcommunication.com\/index.php\/inscription-collective\/\",\"name\":\"Inscription collective - Quali V Communication\",\"isPartOf\":{\"@id\":\"https:\/\/qualivcommunication.com\/#website\"},\"datePublished\":\"2021-05-13T17:11:14+00:00\",\"dateModified\":\"2025-06-06T12:41:16+00:00\",\"breadcrumb\":{\"@id\":\"https:\/\/qualivcommunication.com\/index.php\/inscription-collective\/#breadcrumb\"},\"inLanguage\":\"fr-FR\",\"potentialAction\":[{\"@type\":\"ReadAction\",\"target\":[\"https:\/\/qualivcommunication.com\/index.php\/inscription-collective\/\"]}]},{\"@type\":\"BreadcrumbList\",\"@id\":\"https:\/\/qualivcommunication.com\/index.php\/inscription-collective\/#breadcrumb\",\"itemListElement\":[{\"@type\":\"ListItem\",\"position\":1,\"name\":\"Accueil\",\"item\":\"https:\/\/qualivcommunication.com\/\"},{\"@type\":\"ListItem\",\"position\":2,\"name\":\"Inscription collective\"}]},{\"@type\":\"WebSite\",\"@id\":\"https:\/\/qualivcommunication.com\/#website\",\"url\":\"https:\/\/qualivcommunication.com\/\",\"name\":\"Quali V Communication\",\"description\":\"\",\"publisher\":{\"@id\":\"https:\/\/qualivcommunication.com\/#organization\"},\"potentialAction\":[{\"@type\":\"SearchAction\",\"target\":{\"@type\":\"EntryPoint\",\"urlTemplate\":\"https:\/\/qualivcommunication.com\/?s={search_term_string}\"},\"query-input\":{\"@type\":\"PropertyValueSpecification\",\"valueRequired\":true,\"valueName\":\"search_term_string\"}}],\"inLanguage\":\"fr-FR\"},{\"@type\":\"Organization\",\"@id\":\"https:\/\/qualivcommunication.com\/#organization\",\"name\":\"Quali V Communication\",\"url\":\"https:\/\/qualivcommunication.com\/\",\"logo\":{\"@type\":\"ImageObject\",\"inLanguage\":\"fr-FR\",\"@id\":\"https:\/\/qualivcommunication.com\/#\/schema\/logo\/image\/\",\"url\":\"https:\/\/qualivcommunication.com\/wp-content\/uploads\/2021\/01\/Quali-V-couleur.jpg\",\"contentUrl\":\"https:\/\/qualivcommunication.com\/wp-content\/uploads\/2021\/01\/Quali-V-couleur.jpg\",\"width\":1905,\"height\":1091,\"caption\":\"Quali V Communication\"},\"image\":{\"@id\":\"https:\/\/qualivcommunication.com\/#\/schema\/logo\/image\/\"},\"sameAs\":[\"https:\/\/www.facebook.com\/Qualivcommunication\/\",\"https:\/\/www.instagram.com\/quali_v_communication\/\"]}]}<\/script>\n<!-- \/ Yoast SEO plugin. -->","yoast_head_json":{"title":"Inscription collective - Quali V Communication","robots":{"index":"index","follow":"follow","max-snippet":"max-snippet:-1","max-image-preview":"max-image-preview:large","max-video-preview":"max-video-preview:-1"},"canonical":"https:\/\/qualivcommunication.com\/index.php\/inscription-collective\/","og_locale":"fr_FR","og_type":"article","og_title":"Inscription collective - Quali V Communication","og_description":"DEMANDE DE DEVIS Veuillez activer JavaScript dans votre navigateur pour remplir ce formulaire.Intitul\u00e9 de la formationP\u00e9riode souhait\u00e9eFormat de la formation Pr\u00e9sentiel Distantiel Pr\u00e9sentiel\/distantiel (mixte) Nom de l&#039;\u00e9tablissementAdresse de l&#039;\u00e9tablissementT\u00e9l\u00e9phoneE-mail : *Siret de l&#039;\u00e9tablissementDe quel OPCO d\u00e9pendez-vous ? Personne \u00e0 contacterNombre de participantsPrincipales professionsDans quel contexte cette formation est-elle demand\u00e9e ?Quelles sont les attentes vis-\u00e0-vis de [&hellip;]","og_url":"https:\/\/qualivcommunication.com\/index.php\/inscription-collective\/","og_site_name":"Quali V Communication","article_publisher":"https:\/\/www.facebook.com\/Qualivcommunication\/","article_modified_time":"2025-06-06T12:41:16+00:00","twitter_card":"summary_large_image","twitter_misc":{"Dur\u00e9e de lecture estim\u00e9e":"1 minute"},"schema":{"@context":"https:\/\/schema.org","@graph":[{"@type":"WebPage","@id":"https:\/\/qualivcommunication.com\/index.php\/inscription-collective\/","url":"https:\/\/qualivcommunication.com\/index.php\/inscription-collective\/","name":"Inscription collective - Quali V Communication","isPartOf":{"@id":"https:\/\/qualivcommunication.com\/#website"},"datePublished":"2021-05-13T17:11:14+00:00","dateModified":"2025-06-06T12:41:16+00:00","breadcrumb":{"@id":"https:\/\/qualivcommunication.com\/index.php\/inscription-collective\/#breadcrumb"},"inLanguage":"fr-FR","potentialAction":[{"@type":"ReadAction","target":["https:\/\/qualivcommunication.com\/index.php\/inscription-collective\/"]}]},{"@type":"BreadcrumbList","@id":"https:\/\/qualivcommunication.com\/index.php\/inscription-collective\/#breadcrumb","itemListElement":[{"@type":"ListItem","position":1,"name":"Accueil","item":"https:\/\/qualivcommunication.com\/"},{"@type":"ListItem","position":2,"name":"Inscription collective"}]},{"@type":"WebSite","@id":"https:\/\/qualivcommunication.com\/#website","url":"https:\/\/qualivcommunication.com\/","name":"Quali V Communication","description":"","publisher":{"@id":"https:\/\/qualivcommunication.com\/#organization"},"potentialAction":[{"@type":"SearchAction","target":{"@type":"EntryPoint","urlTemplate":"https:\/\/qualivcommunication.com\/?s={search_term_string}"},"query-input":{"@type":"PropertyValueSpecification","valueRequired":true,"valueName":"search_term_string"}}],"inLanguage":"fr-FR"},{"@type":"Organization","@id":"https:\/\/qualivcommunication.com\/#organization","name":"Quali V Communication","url":"https:\/\/qualivcommunication.com\/","logo":{"@type":"ImageObject","inLanguage":"fr-FR","@id":"https:\/\/qualivcommunication.com\/#\/schema\/logo\/image\/","url":"https:\/\/qualivcommunication.com\/wp-content\/uploads\/2021\/01\/Quali-V-couleur.jpg","contentUrl":"https:\/\/qualivcommunication.com\/wp-content\/uploads\/2021\/01\/Quali-V-couleur.jpg","width":1905,"height":1091,"caption":"Quali V Communication"},"image":{"@id":"https:\/\/qualivcommunication.com\/#\/schema\/logo\/image\/"},"sameAs":["https:\/\/www.facebook.com\/Qualivcommunication\/","https:\/\/www.instagram.com\/quali_v_communication\/"]}]}},"_links":{"self":[{"href":"https:\/\/qualivcommunication.com\/index.php\/wp-json\/wp\/v2\/pages\/1026","targetHints":{"allow":["GET"]}}],"collection":[{"href":"https:\/\/qualivcommunication.com\/index.php\/wp-json\/wp\/v2\/pages"}],"about":[{"href":"https:\/\/qualivcommunication.com\/index.php\/wp-json\/wp\/v2\/types\/page"}],"author":[{"embeddable":true,"href":"https:\/\/qualivcommunication.com\/index.php\/wp-json\/wp\/v2\/users\/1"}],"replies":[{"embeddable":true,"href":"https:\/\/qualivcommunication.com\/index.php\/wp-json\/wp\/v2\/comments?post=1026"}],"version-history":[{"count":12,"href":"https:\/\/qualivcommunication.com\/index.php\/wp-json\/wp\/v2\/pages\/1026\/revisions"}],"predecessor-version":[{"id":5130,"href":"https:\/\/qualivcommunication.com\/index.php\/wp-json\/wp\/v2\/pages\/1026\/revisions\/5130"}],"wp:attachment":[{"href":"https:\/\/qualivcommunication.com\/index.php\/wp-json\/wp\/v2\/media?parent=1026"}],"curies":[{"name":"wp","href":"https:\/\/api.w.org\/{rel}","templated":true}]}}