{"id":169,"date":"2021-01-28T16:11:48","date_gmt":"2021-01-28T15:11:48","guid":{"rendered":"http:\/\/qualivcommunication.com\/?page_id=169"},"modified":"2025-06-06T14:16:30","modified_gmt":"2025-06-06T12:16:30","slug":"donnez-votre-avis","status":"publish","type":"page","link":"https:\/\/qualivcommunication.com\/index.php\/a-propos-de\/donnez-votre-avis\/","title":{"rendered":"Donnez votre avis"},"content":{"rendered":"\t\t<div data-elementor-type=\"wp-page\" data-elementor-id=\"169\" class=\"elementor elementor-169\">\n\t\t\t\t\t\t<section class=\"elementor-section elementor-top-section elementor-element elementor-element-321d8e8 elementor-section-boxed elementor-section-height-default elementor-section-height-default\" data-id=\"321d8e8\" data-element_type=\"section\">\n\t\t\t\t\t\t<div class=\"elementor-container elementor-column-gap-default\">\n\t\t\t\t\t<div class=\"elementor-column elementor-col-100 elementor-top-column elementor-element elementor-element-17c3a92\" data-id=\"17c3a92\" data-element_type=\"column\">\n\t\t\t<div class=\"elementor-widget-wrap elementor-element-populated\">\n\t\t\t\t\t\t<div class=\"elementor-element elementor-element-c881c47 elementor-widget elementor-widget-heading\" data-id=\"c881c47\" data-element_type=\"widget\" data-widget_type=\"heading.default\">\n\t\t\t\t<div class=\"elementor-widget-container\">\n\t\t\t\t\t<h2 class=\"elementor-heading-title elementor-size-default\">VOTRE AVIS NOUS INTERESSE<\/h2>\t\t\t\t<\/div>\n\t\t\t\t<\/div>\n\t\t\t\t\t<\/div>\n\t\t<\/div>\n\t\t\t\t\t<\/div>\n\t\t<\/section>\n\t\t\t\t<section class=\"elementor-section elementor-top-section elementor-element elementor-element-4005cd6 elementor-section-boxed elementor-section-height-default elementor-section-height-default\" data-id=\"4005cd6\" data-element_type=\"section\" data-settings=\"{&quot;background_background&quot;:&quot;classic&quot;}\">\n\t\t\t\t\t\t<div class=\"elementor-container elementor-column-gap-default\">\n\t\t\t\t\t<div class=\"elementor-column elementor-col-100 elementor-top-column elementor-element elementor-element-3c9af9d\" data-id=\"3c9af9d\" data-element_type=\"column\">\n\t\t\t<div class=\"elementor-widget-wrap elementor-element-populated\">\n\t\t\t\t\t\t<div class=\"elementor-element elementor-element-855a985 elementor-widget elementor-widget-wpforms\" data-id=\"855a985\" data-element_type=\"widget\" data-widget_type=\"wpforms.default\">\n\t\t\t\t<div class=\"elementor-widget-container\">\n\t\t\t\t\t<div class=\"wpforms-container wpforms-container-full\" id=\"wpforms-2109\"><form id=\"wpforms-form-2109\" class=\"wpforms-validate wpforms-form wpforms-ajax-form\" data-formid=\"2109\" method=\"post\" enctype=\"multipart\/form-data\" action=\"\/index.php\/wp-json\/wp\/v2\/pages\/169\" data-token=\"2dab91923f39e3218f1adf2f29cb7d8b\" data-token-time=\"1776324765\"><noscript class=\"wpforms-error-noscript\">Veuillez activer JavaScript dans votre navigateur pour remplir ce formulaire.<\/noscript><div class=\"wpforms-field-container\"><div id=\"wpforms-2109-field_0-container\" class=\"wpforms-field wpforms-field-name\" data-field-id=\"0\"><label class=\"wpforms-field-label\">Nom <span class=\"wpforms-required-label\">*<\/span><\/label><div class=\"wpforms-field-row wpforms-field-medium\"><div class=\"wpforms-field-row-block wpforms-first wpforms-one-half\"><input type=\"text\" id=\"wpforms-2109-field_0\" class=\"wpforms-field-name-first wpforms-field-required\" name=\"wpforms[fields][0][first]\" required><label for=\"wpforms-2109-field_0\" class=\"wpforms-field-sublabel after\">Pr\u00e9nom<\/label><\/div><div class=\"wpforms-field-row-block wpforms-one-half\"><input type=\"text\" id=\"wpforms-2109-field_0-last\" class=\"wpforms-field-name-last wpforms-field-required\" name=\"wpforms[fields][0][last]\" required><label for=\"wpforms-2109-field_0-last\" class=\"wpforms-field-sublabel after\">Nom<\/label><\/div><\/div><\/div><div id=\"wpforms-2109-field_1-container\" class=\"wpforms-field wpforms-field-email\" data-field-id=\"1\"><label class=\"wpforms-field-label\" for=\"wpforms-2109-field_1\">E-mail <span class=\"wpforms-required-label\">*<\/span><\/label><input type=\"email\" id=\"wpforms-2109-field_1\" class=\"wpforms-field-medium wpforms-field-required\" name=\"wpforms[fields][1]\" spellcheck=\"false\" required><\/div><div id=\"wpforms-2109-field_3-container\" class=\"wpforms-field wpforms-field-radio wpforms-conditional-trigger\" data-field-id=\"3\"><label class=\"wpforms-field-label\">Pour quel domaine avez-vous une suggestion ou un avis ? <span class=\"wpforms-required-label\">*<\/span><\/label><ul id=\"wpforms-2109-field_3\" class=\"wpforms-field-required\"><li class=\"choice-1 depth-1\"><input type=\"radio\" id=\"wpforms-2109-field_3_1\" name=\"wpforms[fields][3]\" value=\"Le site internet\" required ><label class=\"wpforms-field-label-inline\" for=\"wpforms-2109-field_3_1\">Le site internet<\/label><\/li><li class=\"choice-2 depth-1\"><input type=\"radio\" id=\"wpforms-2109-field_3_2\" name=\"wpforms[fields][3]\" value=\"Une id\u00e9e de formation\" required ><label class=\"wpforms-field-label-inline\" for=\"wpforms-2109-field_3_2\">Une id\u00e9e de formation<\/label><\/li><li class=\"choice-3 depth-1\"><input type=\"radio\" id=\"wpforms-2109-field_3_3\" name=\"wpforms[fields][3]\" value=\"Une formation que vous avez r\u00e9alis\u00e9 avec nous\" required ><label class=\"wpforms-field-label-inline\" for=\"wpforms-2109-field_3_3\">Une formation que vous avez r\u00e9alis\u00e9 avec nous<\/label><\/li><li class=\"choice-5 depth-1\"><input type=\"radio\" id=\"wpforms-2109-field_3_5\" name=\"wpforms[fields][3]\" value=\"Une r\u00e9clamation\" required ><label class=\"wpforms-field-label-inline\" for=\"wpforms-2109-field_3_5\">Une r\u00e9clamation<\/label><\/li><li class=\"choice-4 depth-1\"><input type=\"radio\" id=\"wpforms-2109-field_3_4\" name=\"wpforms[fields][3]\" value=\"Autres\" required ><label class=\"wpforms-field-label-inline\" for=\"wpforms-2109-field_3_4\">Autres<\/label><\/li><\/ul><\/div><div id=\"wpforms-2109-field_4-container\" class=\"wpforms-field wpforms-field-text wpforms-conditional-field wpforms-conditional-show\" data-field-id=\"4\" style=\"display:none;\"><label class=\"wpforms-field-label\" for=\"wpforms-2109-field_4\">Si d&#039;autres... <span class=\"wpforms-required-label\">*<\/span><\/label><input type=\"text\" id=\"wpforms-2109-field_4\" class=\"wpforms-field-medium wpforms-field-required\" name=\"wpforms[fields][4]\" required><\/div><div id=\"wpforms-2109-field_5-container\" class=\"wpforms-field wpforms-field-text\" data-field-id=\"5\"><label class=\"wpforms-field-label\" for=\"wpforms-2109-field_5\">Sujet <span class=\"wpforms-required-label\">*<\/span><\/label><input type=\"text\" id=\"wpforms-2109-field_5\" class=\"wpforms-field-medium wpforms-field-required\" name=\"wpforms[fields][5]\" required><\/div><div id=\"wpforms-2109-field_8-container\" class=\"wpforms-field wpforms-field-richtext wpforms-field-medium\" data-field-id=\"8\"><label class=\"wpforms-field-label\" for=\"wpforms-2109-field_8\">Message ou commentaire <\/label><div id=\"wp-wpforms-2109-field_8-wrap\" class=\"wp-core-ui wp-editor-wrap tmce-active\"><link rel='stylesheet' id='dashicons-css' href='https:\/\/qualivcommunication.com\/wp-includes\/css\/dashicons.min.css?ver=6.7.5' media='all' \/>\n<link rel='stylesheet' id='editor-buttons-css' href='https:\/\/qualivcommunication.com\/wp-includes\/css\/editor.min.css?ver=6.7.5' media='all' \/>\n<div id=\"wp-wpforms-2109-field_8-editor-tools\" class=\"wp-editor-tools hide-if-no-js\"><div class=\"wp-editor-tabs\"><button type=\"button\" id=\"wpforms-2109-field_8-tmce\" aria-pressed=\"true\" class=\"wp-switch-editor switch-tmce\" data-wp-editor-id=\"wpforms-2109-field_8\">Visuel<\/button>\n<button type=\"button\" id=\"wpforms-2109-field_8-html\" class=\"wp-switch-editor switch-html\" data-wp-editor-id=\"wpforms-2109-field_8\">Texte<\/button>\n<\/div>\n<\/div>\n<div id=\"wp-wpforms-2109-field_8-editor-container\" class=\"wp-editor-container\"><div id=\"qt_wpforms-2109-field_8_toolbar\" class=\"quicktags-toolbar hide-if-no-js\"><\/div><textarea class=\"wp-editor-area\" style=\"height: 120px\" autocomplete=\"off\" cols=\"40\" name=\"wpforms[fields][8]\" id=\"wpforms-2109-field_8\"><\/textarea><\/div>\n<\/div>\n\n<\/div><\/div><!-- .wpforms-field-container --><div class=\"wpforms-recaptcha-container wpforms-is-recaptcha wpforms-is-recaptcha-type-v2\" ><div class=\"g-recaptcha\" data-sitekey=\"6LfQtlghAAAAAGO6dOANgusI4zgkcUrHH-ScgLil\"><\/div><input type=\"text\" name=\"g-recaptcha-hidden\" class=\"wpforms-recaptcha-hidden\" style=\"position:absolute!important;clip:rect(0,0,0,0)!important;height:1px!important;width:1px!important;border:0!important;overflow:hidden!important;padding:0!important;margin:0!important;\" data-rule-recaptcha=\"1\"><\/div><div class=\"wpforms-submit-container\" ><input type=\"hidden\" name=\"wpforms[id]\" value=\"2109\"><input type=\"hidden\" name=\"page_title\" value=\"\"><input type=\"hidden\" name=\"page_url\" value=\"https:\/\/qualivcommunication.com\/index.php\/wp-json\/wp\/v2\/pages\/169\"><button type=\"submit\" name=\"wpforms[submit]\" id=\"wpforms-submit-2109\" class=\"wpforms-submit\" data-alt-text=\"Nous vous remercions pour votre avis \" data-submit-text=\"Envoyer \" aria-live=\"assertive\" value=\"wpforms-submit\">Envoyer <\/button><img decoding=\"async\" src=\"https:\/\/qualivcommunication.com\/wp-content\/plugins\/wpforms\/assets\/images\/submit-spin.svg\" class=\"wpforms-submit-spinner\" style=\"display: none;\" width=\"26\" height=\"26\" alt=\"Chargement en cours\"><\/div><\/form><\/div>  <!-- .wpforms-container -->\t\t\t\t<\/div>\n\t\t\t\t<\/div>\n\t\t\t\t<div class=\"elementor-element elementor-element-b28305f elementor-widget elementor-widget-text-editor\" data-id=\"b28305f\" data-element_type=\"widget\" data-widget_type=\"text-editor.default\">\n\t\t\t\t<div class=\"elementor-widget-container\">\n\t\t\t\t\t\t\t\t\t<p class=\"MsoNormal\" style=\"margin: 0cm; font-size: medium; font-family: Calibri, sans-serif; letter-spacing: normal; text-align: start;\"><span style=\"font-size: 11pt;\">Quali V Communication &#8211; Recherche &amp; Formation se r\u00e9serve le droit de choisir les commentaires publi\u00e9s sur son site Internet.<\/span><\/p>\t\t\t\t\t\t\t\t<\/div>\n\t\t\t\t<\/div>\n\t\t\t\t\t<\/div>\n\t\t<\/div>\n\t\t\t\t\t<\/div>\n\t\t<\/section>\n\t\t\t\t<section class=\"elementor-section elementor-top-section elementor-element elementor-element-7c704b7d elementor-section-boxed elementor-section-height-default elementor-section-height-default\" data-id=\"7c704b7d\" data-element_type=\"section\">\n\t\t\t\t\t\t<div class=\"elementor-container elementor-column-gap-default\">\n\t\t\t\t\t<div class=\"elementor-column elementor-col-100 elementor-top-column elementor-element elementor-element-311f290f\" data-id=\"311f290f\" data-element_type=\"column\">\n\t\t\t<div class=\"elementor-widget-wrap elementor-element-populated\">\n\t\t\t\t\t\t<div class=\"elementor-element elementor-element-5cd7e6fe eael_simple_menu_hamburger_disable_selected_menu_no eael-simple-menu-hamburger-align-right eael-hamburger--tablet elementor-widget elementor-widget-eael-simple-menu\" data-id=\"5cd7e6fe\" data-element_type=\"widget\" data-widget_type=\"eael-simple-menu.default\">\n\t\t\t\t<div class=\"elementor-widget-container\">\n\t\t\t\t\t<style>\n                        @media screen and (max-width: 1024px) {\n                            .eael-hamburger--tablet {\n                                .eael-simple-menu-horizontal,\n                                .eael-simple-menu-vertical {\n                                    display: none;\n                                }\n                            }\n                            .eael-hamburger--tablet {\n                                .eael-simple-menu-container .eael-simple-menu-toggle {\n                                    display: block;\n                                }\n                            }\n                        }\n                    <\/style>            <div data-hamburger-icon=\"&lt;i aria-hidden=&quot;true&quot; class=&quot;fas fa-bars&quot;&gt;&lt;\/i&gt;\" data-indicator-icon=\"&lt;i aria-hidden=&quot;true&quot; class=&quot;fas fa-angle-down&quot;&gt;&lt;\/i&gt;\" data-dropdown-indicator-icon=\"&lt;i class=&quot;fas fa-angle-down&quot;&gt;&lt;\/i&gt;\" class=\"eael-simple-menu-container eael-simple-menu-align-center eael-simple-menu-dropdown-align-left preset-2\" data-hamburger-breakpoints=\"{&quot;mobile&quot;:&quot;Portrait mobile (&gt; 767px)&quot;,&quot;tablet&quot;:&quot;Tablette en mode portrait (&gt; 1024px)&quot;,&quot;desktop&quot;:&quot;Desktop (&gt; 2400px)&quot;,&quot;none&quot;:&quot;None&quot;}\" data-hamburger-device=\"tablet\">\n                <ul id=\"menu-pied-de-page\" class=\"eael-simple-menu eael-simple-menu-dropdown-animate-to-top eael-simple-menu-indicator eael-simple-menu-horizontal\"><li id=\"menu-item-4965\" class=\"menu-item menu-item-type-post_type menu-item-object-page menu-item-4965\"><a href=\"https:\/\/qualivcommunication.com\/index.php\/cgv\/\">CGV<\/a><\/li>\n<li id=\"menu-item-4966\" class=\"menu-item menu-item-type-post_type menu-item-object-page menu-item-4966\"><a href=\"https:\/\/qualivcommunication.com\/index.php\/politique-de-confidentialite-2\/\">Politique de confidentialit\u00e9<\/a><\/li>\n<li id=\"menu-item-4967\" class=\"menu-item menu-item-type-post_type menu-item-object-page menu-item-4967\"><a href=\"https:\/\/qualivcommunication.com\/index.php\/reglement-interieur\/\">R\u00e8glement int\u00e9rieur<\/a><\/li>\n<\/ul>                <button class=\"eael-simple-menu-toggle\">\n                    <span class=\"sr-only \">Hamburger Toggle Menu<\/span>\n                    <i aria-hidden=\"true\" class=\"fas fa-bars\"><\/i>                <\/button>\n            <\/div>\n            \t\t\t\t<\/div>\n\t\t\t\t<\/div>\n\t\t\t\t\t<\/div>\n\t\t<\/div>\n\t\t\t\t\t<\/div>\n\t\t<\/section>\n\t\t\t\t<\/div>\n\t\t","protected":false},"excerpt":{"rendered":"<p>VOTRE AVIS NOUS INTERESSE Veuillez activer JavaScript dans votre navigateur pour remplir ce formulaire.Nom *Pr\u00e9nomNomE-mail *Pour quel domaine avez-vous une suggestion ou un avis ? * Le site internet Une id\u00e9e de formation Une formation que vous avez r\u00e9alis\u00e9 avec nous Une r\u00e9clamation Autres Si d&#039;autres&#8230; *Sujet *Message ou commentaire Visuel Texte Concernant le traitement [&hellip;]<\/p>\n","protected":false},"author":1,"featured_media":0,"parent":7,"menu_order":0,"comment_status":"closed","ping_status":"closed","template":"elementor_header_footer","meta":{"_monsterinsights_skip_tracking":false,"_monsterinsights_sitenote_active":false,"_monsterinsights_sitenote_note":"","_monsterinsights_sitenote_category":0,"_glsr_average":0,"_glsr_ranking":0,"_glsr_reviews":0,"footnotes":""},"class_list":["post-169","page","type-page","status-publish","hentry"],"yoast_head":"<!-- This site is optimized with the Yoast SEO plugin v24.5 - https:\/\/yoast.com\/wordpress\/plugins\/seo\/ -->\n<title>Donnez votre avis - Quali V Communication<\/title>\n<meta name=\"robots\" content=\"index, follow, max-snippet:-1, max-image-preview:large, max-video-preview:-1\" \/>\n<link rel=\"canonical\" href=\"https:\/\/qualivcommunication.com\/index.php\/a-propos-de\/donnez-votre-avis\/\" \/>\n<meta property=\"og:locale\" content=\"fr_FR\" \/>\n<meta property=\"og:type\" content=\"article\" \/>\n<meta property=\"og:title\" content=\"Donnez votre avis - Quali V Communication\" \/>\n<meta property=\"og:description\" content=\"VOTRE AVIS NOUS INTERESSE Veuillez activer JavaScript dans votre navigateur pour remplir ce formulaire.Nom *Pr\u00e9nomNomE-mail *Pour quel domaine avez-vous une suggestion ou un avis ? * Le site internet Une id\u00e9e de formation Une formation que vous avez r\u00e9alis\u00e9 avec nous Une r\u00e9clamation Autres Si d&#039;autres&#8230; *Sujet *Message ou commentaire Visuel Texte Concernant le traitement [&hellip;]\" \/>\n<meta property=\"og:url\" content=\"https:\/\/qualivcommunication.com\/index.php\/a-propos-de\/donnez-votre-avis\/\" \/>\n<meta property=\"og:site_name\" content=\"Quali V Communication\" \/>\n<meta property=\"article:publisher\" content=\"https:\/\/www.facebook.com\/Qualivcommunication\/\" \/>\n<meta property=\"article:modified_time\" content=\"2025-06-06T12:16:30+00:00\" \/>\n<meta property=\"og:image\" content=\"https:\/\/qualivcommunication.com\/wp-content\/plugins\/wpforms\/assets\/images\/submit-spin.svg\" \/>\n<meta name=\"twitter:card\" content=\"summary_large_image\" \/>\n<meta name=\"twitter:label1\" content=\"Dur\u00e9e de lecture estim\u00e9e\" \/>\n\t<meta name=\"twitter:data1\" content=\"1 minute\" \/>\n<script type=\"application\/ld+json\" class=\"yoast-schema-graph\">{\"@context\":\"https:\/\/schema.org\",\"@graph\":[{\"@type\":\"WebPage\",\"@id\":\"https:\/\/qualivcommunication.com\/index.php\/a-propos-de\/donnez-votre-avis\/\",\"url\":\"https:\/\/qualivcommunication.com\/index.php\/a-propos-de\/donnez-votre-avis\/\",\"name\":\"Donnez votre avis - Quali V Communication\",\"isPartOf\":{\"@id\":\"https:\/\/qualivcommunication.com\/#website\"},\"primaryImageOfPage\":{\"@id\":\"https:\/\/qualivcommunication.com\/index.php\/a-propos-de\/donnez-votre-avis\/#primaryimage\"},\"image\":{\"@id\":\"https:\/\/qualivcommunication.com\/index.php\/a-propos-de\/donnez-votre-avis\/#primaryimage\"},\"thumbnailUrl\":\"https:\/\/qualivcommunication.com\/wp-content\/plugins\/wpforms\/assets\/images\/submit-spin.svg\",\"datePublished\":\"2021-01-28T15:11:48+00:00\",\"dateModified\":\"2025-06-06T12:16:30+00:00\",\"breadcrumb\":{\"@id\":\"https:\/\/qualivcommunication.com\/index.php\/a-propos-de\/donnez-votre-avis\/#breadcrumb\"},\"inLanguage\":\"fr-FR\",\"potentialAction\":[{\"@type\":\"ReadAction\",\"target\":[\"https:\/\/qualivcommunication.com\/index.php\/a-propos-de\/donnez-votre-avis\/\"]}]},{\"@type\":\"ImageObject\",\"inLanguage\":\"fr-FR\",\"@id\":\"https:\/\/qualivcommunication.com\/index.php\/a-propos-de\/donnez-votre-avis\/#primaryimage\",\"url\":\"https:\/\/qualivcommunication.com\/wp-content\/plugins\/wpforms\/assets\/images\/submit-spin.svg\",\"contentUrl\":\"https:\/\/qualivcommunication.com\/wp-content\/plugins\/wpforms\/assets\/images\/submit-spin.svg\"},{\"@type\":\"BreadcrumbList\",\"@id\":\"https:\/\/qualivcommunication.com\/index.php\/a-propos-de\/donnez-votre-avis\/#breadcrumb\",\"itemListElement\":[{\"@type\":\"ListItem\",\"position\":1,\"name\":\"Accueil\",\"item\":\"https:\/\/qualivcommunication.com\/\"},{\"@type\":\"ListItem\",\"position\":2,\"name\":\"Accueil\",\"item\":\"https:\/\/qualivcommunication.com\/\"},{\"@type\":\"ListItem\",\"position\":3,\"name\":\"Donnez votre avis\"}]},{\"@type\":\"WebSite\",\"@id\":\"https:\/\/qualivcommunication.com\/#website\",\"url\":\"https:\/\/qualivcommunication.com\/\",\"name\":\"Quali V Communication\",\"description\":\"\",\"publisher\":{\"@id\":\"https:\/\/qualivcommunication.com\/#organization\"},\"potentialAction\":[{\"@type\":\"SearchAction\",\"target\":{\"@type\":\"EntryPoint\",\"urlTemplate\":\"https:\/\/qualivcommunication.com\/?s={search_term_string}\"},\"query-input\":{\"@type\":\"PropertyValueSpecification\",\"valueRequired\":true,\"valueName\":\"search_term_string\"}}],\"inLanguage\":\"fr-FR\"},{\"@type\":\"Organization\",\"@id\":\"https:\/\/qualivcommunication.com\/#organization\",\"name\":\"Quali V Communication\",\"url\":\"https:\/\/qualivcommunication.com\/\",\"logo\":{\"@type\":\"ImageObject\",\"inLanguage\":\"fr-FR\",\"@id\":\"https:\/\/qualivcommunication.com\/#\/schema\/logo\/image\/\",\"url\":\"https:\/\/qualivcommunication.com\/wp-content\/uploads\/2021\/01\/Quali-V-couleur.jpg\",\"contentUrl\":\"https:\/\/qualivcommunication.com\/wp-content\/uploads\/2021\/01\/Quali-V-couleur.jpg\",\"width\":1905,\"height\":1091,\"caption\":\"Quali V Communication\"},\"image\":{\"@id\":\"https:\/\/qualivcommunication.com\/#\/schema\/logo\/image\/\"},\"sameAs\":[\"https:\/\/www.facebook.com\/Qualivcommunication\/\",\"https:\/\/www.instagram.com\/quali_v_communication\/\"]}]}<\/script>\n<!-- \/ Yoast SEO plugin. -->","yoast_head_json":{"title":"Donnez votre avis - Quali V Communication","robots":{"index":"index","follow":"follow","max-snippet":"max-snippet:-1","max-image-preview":"max-image-preview:large","max-video-preview":"max-video-preview:-1"},"canonical":"https:\/\/qualivcommunication.com\/index.php\/a-propos-de\/donnez-votre-avis\/","og_locale":"fr_FR","og_type":"article","og_title":"Donnez votre avis - Quali V Communication","og_description":"VOTRE AVIS NOUS INTERESSE Veuillez activer JavaScript dans votre navigateur pour remplir ce formulaire.Nom *Pr\u00e9nomNomE-mail *Pour quel domaine avez-vous une suggestion ou un avis ? * Le site internet Une id\u00e9e de formation Une formation que vous avez r\u00e9alis\u00e9 avec nous Une r\u00e9clamation Autres Si d&#039;autres&#8230; *Sujet *Message ou commentaire Visuel Texte Concernant le traitement [&hellip;]","og_url":"https:\/\/qualivcommunication.com\/index.php\/a-propos-de\/donnez-votre-avis\/","og_site_name":"Quali V Communication","article_publisher":"https:\/\/www.facebook.com\/Qualivcommunication\/","article_modified_time":"2025-06-06T12:16:30+00:00","og_image":[{"url":"https:\/\/qualivcommunication.com\/wp-content\/plugins\/wpforms\/assets\/images\/submit-spin.svg","type":"","width":"","height":""}],"twitter_card":"summary_large_image","twitter_misc":{"Dur\u00e9e de lecture estim\u00e9e":"1 minute"},"schema":{"@context":"https:\/\/schema.org","@graph":[{"@type":"WebPage","@id":"https:\/\/qualivcommunication.com\/index.php\/a-propos-de\/donnez-votre-avis\/","url":"https:\/\/qualivcommunication.com\/index.php\/a-propos-de\/donnez-votre-avis\/","name":"Donnez votre avis - Quali V Communication","isPartOf":{"@id":"https:\/\/qualivcommunication.com\/#website"},"primaryImageOfPage":{"@id":"https:\/\/qualivcommunication.com\/index.php\/a-propos-de\/donnez-votre-avis\/#primaryimage"},"image":{"@id":"https:\/\/qualivcommunication.com\/index.php\/a-propos-de\/donnez-votre-avis\/#primaryimage"},"thumbnailUrl":"https:\/\/qualivcommunication.com\/wp-content\/plugins\/wpforms\/assets\/images\/submit-spin.svg","datePublished":"2021-01-28T15:11:48+00:00","dateModified":"2025-06-06T12:16:30+00:00","breadcrumb":{"@id":"https:\/\/qualivcommunication.com\/index.php\/a-propos-de\/donnez-votre-avis\/#breadcrumb"},"inLanguage":"fr-FR","potentialAction":[{"@type":"ReadAction","target":["https:\/\/qualivcommunication.com\/index.php\/a-propos-de\/donnez-votre-avis\/"]}]},{"@type":"ImageObject","inLanguage":"fr-FR","@id":"https:\/\/qualivcommunication.com\/index.php\/a-propos-de\/donnez-votre-avis\/#primaryimage","url":"https:\/\/qualivcommunication.com\/wp-content\/plugins\/wpforms\/assets\/images\/submit-spin.svg","contentUrl":"https:\/\/qualivcommunication.com\/wp-content\/plugins\/wpforms\/assets\/images\/submit-spin.svg"},{"@type":"BreadcrumbList","@id":"https:\/\/qualivcommunication.com\/index.php\/a-propos-de\/donnez-votre-avis\/#breadcrumb","itemListElement":[{"@type":"ListItem","position":1,"name":"Accueil","item":"https:\/\/qualivcommunication.com\/"},{"@type":"ListItem","position":2,"name":"Accueil","item":"https:\/\/qualivcommunication.com\/"},{"@type":"ListItem","position":3,"name":"Donnez votre avis"}]},{"@type":"WebSite","@id":"https:\/\/qualivcommunication.com\/#website","url":"https:\/\/qualivcommunication.com\/","name":"Quali V Communication","description":"","publisher":{"@id":"https:\/\/qualivcommunication.com\/#organization"},"potentialAction":[{"@type":"SearchAction","target":{"@type":"EntryPoint","urlTemplate":"https:\/\/qualivcommunication.com\/?s={search_term_string}"},"query-input":{"@type":"PropertyValueSpecification","valueRequired":true,"valueName":"search_term_string"}}],"inLanguage":"fr-FR"},{"@type":"Organization","@id":"https:\/\/qualivcommunication.com\/#organization","name":"Quali V Communication","url":"https:\/\/qualivcommunication.com\/","logo":{"@type":"ImageObject","inLanguage":"fr-FR","@id":"https:\/\/qualivcommunication.com\/#\/schema\/logo\/image\/","url":"https:\/\/qualivcommunication.com\/wp-content\/uploads\/2021\/01\/Quali-V-couleur.jpg","contentUrl":"https:\/\/qualivcommunication.com\/wp-content\/uploads\/2021\/01\/Quali-V-couleur.jpg","width":1905,"height":1091,"caption":"Quali V Communication"},"image":{"@id":"https:\/\/qualivcommunication.com\/#\/schema\/logo\/image\/"},"sameAs":["https:\/\/www.facebook.com\/Qualivcommunication\/","https:\/\/www.instagram.com\/quali_v_communication\/"]}]}},"_links":{"self":[{"href":"https:\/\/qualivcommunication.com\/index.php\/wp-json\/wp\/v2\/pages\/169","targetHints":{"allow":["GET"]}}],"collection":[{"href":"https:\/\/qualivcommunication.com\/index.php\/wp-json\/wp\/v2\/pages"}],"about":[{"href":"https:\/\/qualivcommunication.com\/index.php\/wp-json\/wp\/v2\/types\/page"}],"author":[{"embeddable":true,"href":"https:\/\/qualivcommunication.com\/index.php\/wp-json\/wp\/v2\/users\/1"}],"replies":[{"embeddable":true,"href":"https:\/\/qualivcommunication.com\/index.php\/wp-json\/wp\/v2\/comments?post=169"}],"version-history":[{"count":16,"href":"https:\/\/qualivcommunication.com\/index.php\/wp-json\/wp\/v2\/pages\/169\/revisions"}],"predecessor-version":[{"id":5015,"href":"https:\/\/qualivcommunication.com\/index.php\/wp-json\/wp\/v2\/pages\/169\/revisions\/5015"}],"up":[{"embeddable":true,"href":"https:\/\/qualivcommunication.com\/index.php\/wp-json\/wp\/v2\/pages\/7"}],"wp:attachment":[{"href":"https:\/\/qualivcommunication.com\/index.php\/wp-json\/wp\/v2\/media?parent=169"}],"curies":[{"name":"wp","href":"https:\/\/api.w.org\/{rel}","templated":true}]}}