{"id":2572,"date":"2022-08-20T20:09:03","date_gmt":"2022-08-20T18:09:03","guid":{"rendered":"https:\/\/qualivcommunication.com\/?page_id=2572"},"modified":"2025-06-06T15:07:51","modified_gmt":"2025-06-06T13:07:51","slug":"politique-de-confidentialite-2","status":"publish","type":"page","link":"https:\/\/qualivcommunication.com\/index.php\/politique-de-confidentialite-2\/","title":{"rendered":"Politique de confidentialit\u00e9"},"content":{"rendered":"\t\t<div data-elementor-type=\"wp-page\" data-elementor-id=\"2572\" class=\"elementor elementor-2572\">\n\t\t\t\t\t\t<section class=\"elementor-section elementor-top-section elementor-element elementor-element-f7c469f elementor-section-full_width elementor-section-height-default elementor-section-height-default\" data-id=\"f7c469f\" data-element_type=\"section\">\n\t\t\t\t\t\t<div class=\"elementor-container elementor-column-gap-default\">\n\t\t\t\t\t<div class=\"elementor-column elementor-col-100 elementor-top-column elementor-element elementor-element-7ff34a9\" data-id=\"7ff34a9\" data-element_type=\"column\">\n\t\t\t<div class=\"elementor-widget-wrap elementor-element-populated\">\n\t\t\t\t\t\t<div class=\"elementor-element elementor-element-7a8520f elementor-widget elementor-widget-image\" data-id=\"7a8520f\" data-element_type=\"widget\" data-widget_type=\"image.default\">\n\t\t\t\t<div class=\"elementor-widget-container\">\n\t\t\t\t\t\t\t\t\t\t\t\t\t\t\t<img fetchpriority=\"high\" decoding=\"async\" width=\"1530\" height=\"2162\" src=\"https:\/\/qualivcommunication.com\/wp-content\/uploads\/2025\/06\/Capture-decran-2025-06-06-a-15.05.26.png\" class=\"attachment-full size-full wp-image-5206\" alt=\"\" srcset=\"https:\/\/qualivcommunication.com\/wp-content\/uploads\/2025\/06\/Capture-decran-2025-06-06-a-15.05.26.png 1530w, https:\/\/qualivcommunication.com\/wp-content\/uploads\/2025\/06\/Capture-decran-2025-06-06-a-15.05.26-212x300.png 212w, https:\/\/qualivcommunication.com\/wp-content\/uploads\/2025\/06\/Capture-decran-2025-06-06-a-15.05.26-725x1024.png 725w, https:\/\/qualivcommunication.com\/wp-content\/uploads\/2025\/06\/Capture-decran-2025-06-06-a-15.05.26-768x1085.png 768w, https:\/\/qualivcommunication.com\/wp-content\/uploads\/2025\/06\/Capture-decran-2025-06-06-a-15.05.26-1087x1536.png 1087w, https:\/\/qualivcommunication.com\/wp-content\/uploads\/2025\/06\/Capture-decran-2025-06-06-a-15.05.26-1449x2048.png 1449w, https:\/\/qualivcommunication.com\/wp-content\/uploads\/2025\/06\/Capture-decran-2025-06-06-a-15.05.26-1200x1696.png 1200w\" sizes=\"(max-width: 1530px) 100vw, 1530px\" \/>\t\t\t\t\t\t\t\t\t\t\t\t\t\t\t<\/div>\n\t\t\t\t<\/div>\n\t\t\t\t\t<\/div>\n\t\t<\/div>\n\t\t\t\t\t<\/div>\n\t\t<\/section>\n\t\t\t\t<section class=\"elementor-section elementor-top-section elementor-element elementor-element-079f355 elementor-section-full_width elementor-section-height-default elementor-section-height-default\" data-id=\"079f355\" data-element_type=\"section\">\n\t\t\t\t\t\t<div class=\"elementor-container elementor-column-gap-default\">\n\t\t\t\t\t<div class=\"elementor-column elementor-col-100 elementor-top-column elementor-element elementor-element-da47316\" data-id=\"da47316\" data-element_type=\"column\">\n\t\t\t<div class=\"elementor-widget-wrap elementor-element-populated\">\n\t\t\t\t\t\t<div class=\"elementor-element elementor-element-b232c01 elementor-widget elementor-widget-image\" data-id=\"b232c01\" data-element_type=\"widget\" data-widget_type=\"image.default\">\n\t\t\t\t<div class=\"elementor-widget-container\">\n\t\t\t\t\t\t\t\t\t\t\t\t\t\t\t<img decoding=\"async\" width=\"1528\" height=\"2156\" src=\"https:\/\/qualivcommunication.com\/wp-content\/uploads\/2025\/06\/Capture-decran-2025-06-06-a-15.05.37.png\" class=\"attachment-full size-full wp-image-5207\" alt=\"\" srcset=\"https:\/\/qualivcommunication.com\/wp-content\/uploads\/2025\/06\/Capture-decran-2025-06-06-a-15.05.37.png 1528w, https:\/\/qualivcommunication.com\/wp-content\/uploads\/2025\/06\/Capture-decran-2025-06-06-a-15.05.37-213x300.png 213w, https:\/\/qualivcommunication.com\/wp-content\/uploads\/2025\/06\/Capture-decran-2025-06-06-a-15.05.37-726x1024.png 726w, https:\/\/qualivcommunication.com\/wp-content\/uploads\/2025\/06\/Capture-decran-2025-06-06-a-15.05.37-768x1084.png 768w, https:\/\/qualivcommunication.com\/wp-content\/uploads\/2025\/06\/Capture-decran-2025-06-06-a-15.05.37-1089x1536.png 1089w, https:\/\/qualivcommunication.com\/wp-content\/uploads\/2025\/06\/Capture-decran-2025-06-06-a-15.05.37-1451x2048.png 1451w, https:\/\/qualivcommunication.com\/wp-content\/uploads\/2025\/06\/Capture-decran-2025-06-06-a-15.05.37-1200x1693.png 1200w\" sizes=\"(max-width: 1528px) 100vw, 1528px\" \/>\t\t\t\t\t\t\t\t\t\t\t\t\t\t\t<\/div>\n\t\t\t\t<\/div>\n\t\t\t\t\t<\/div>\n\t\t<\/div>\n\t\t\t\t\t<\/div>\n\t\t<\/section>\n\t\t\t\t<section class=\"elementor-section elementor-top-section elementor-element elementor-element-2c71d211 elementor-section-boxed elementor-section-height-default elementor-section-height-default\" data-id=\"2c71d211\" data-element_type=\"section\">\n\t\t\t\t\t\t<div class=\"elementor-container elementor-column-gap-default\">\n\t\t\t\t\t<div class=\"elementor-column elementor-col-100 elementor-top-column elementor-element elementor-element-50d83edd\" data-id=\"50d83edd\" data-element_type=\"column\">\n\t\t\t<div class=\"elementor-widget-wrap elementor-element-populated\">\n\t\t\t\t\t\t<div class=\"elementor-element elementor-element-ed0d7d3 eael_simple_menu_hamburger_disable_selected_menu_no eael-simple-menu-hamburger-align-right eael-hamburger--tablet elementor-widget elementor-widget-eael-simple-menu\" data-id=\"ed0d7d3\" data-element_type=\"widget\" data-widget_type=\"eael-simple-menu.default\">\n\t\t\t\t<div class=\"elementor-widget-container\">\n\t\t\t\t\t<style>\n                        @media screen and (max-width: 1024px) {\n                            .eael-hamburger--tablet {\n                                .eael-simple-menu-horizontal,\n                                .eael-simple-menu-vertical {\n                                    display: none;\n                                }\n                            }\n                            .eael-hamburger--tablet {\n                                .eael-simple-menu-container .eael-simple-menu-toggle {\n                                    display: block;\n                                }\n                            }\n                        }\n                    <\/style>            <div data-hamburger-icon=\"&lt;i aria-hidden=&quot;true&quot; class=&quot;fas fa-bars&quot;&gt;&lt;\/i&gt;\" data-indicator-icon=\"&lt;i aria-hidden=&quot;true&quot; class=&quot;fas fa-angle-down&quot;&gt;&lt;\/i&gt;\" data-dropdown-indicator-icon=\"&lt;i class=&quot;fas fa-angle-down&quot;&gt;&lt;\/i&gt;\" class=\"eael-simple-menu-container eael-simple-menu-align-center eael-simple-menu-dropdown-align-left preset-2\" data-hamburger-breakpoints=\"{&quot;mobile&quot;:&quot;Portrait mobile (&gt; 767px)&quot;,&quot;tablet&quot;:&quot;Tablette en mode portrait (&gt; 1024px)&quot;,&quot;desktop&quot;:&quot;Desktop (&gt; 2400px)&quot;,&quot;none&quot;:&quot;None&quot;}\" data-hamburger-device=\"tablet\">\n                <ul id=\"menu-pied-de-page\" class=\"eael-simple-menu eael-simple-menu-dropdown-animate-to-top eael-simple-menu-indicator eael-simple-menu-horizontal\"><li id=\"menu-item-4965\" class=\"menu-item menu-item-type-post_type menu-item-object-page menu-item-4965\"><a href=\"https:\/\/qualivcommunication.com\/index.php\/cgv\/\">CGV<\/a><\/li>\n<li id=\"menu-item-4966\" class=\"menu-item menu-item-type-post_type menu-item-object-page menu-item-4966\"><a href=\"https:\/\/qualivcommunication.com\/index.php\/politique-de-confidentialite-2\/\">Politique de confidentialit\u00e9<\/a><\/li>\n<li id=\"menu-item-4967\" class=\"menu-item menu-item-type-post_type menu-item-object-page menu-item-4967\"><a href=\"https:\/\/qualivcommunication.com\/index.php\/reglement-interieur\/\">R\u00e8glement int\u00e9rieur<\/a><\/li>\n<\/ul>                <button class=\"eael-simple-menu-toggle\">\n                    <span class=\"sr-only \">Hamburger Toggle Menu<\/span>\n                    <i aria-hidden=\"true\" class=\"fas fa-bars\"><\/i>                <\/button>\n            <\/div>\n            \t\t\t\t<\/div>\n\t\t\t\t<\/div>\n\t\t\t\t\t<\/div>\n\t\t<\/div>\n\t\t\t\t\t<\/div>\n\t\t<\/section>\n\t\t\t\t<\/div>\n\t\t","protected":false},"excerpt":{"rendered":"<p>CGV Politique de confidentialit\u00e9 R\u00e8glement int\u00e9rieur Hamburger Toggle Menu<\/p>\n","protected":false},"author":1,"featured_media":0,"parent":0,"menu_order":0,"comment_status":"closed","ping_status":"closed","template":"elementor_header_footer","meta":{"_monsterinsights_skip_tracking":false,"_monsterinsights_sitenote_active":false,"_monsterinsights_sitenote_note":"","_monsterinsights_sitenote_category":0,"_glsr_average":0,"_glsr_ranking":0,"_glsr_reviews":0,"footnotes":""},"class_list":["post-2572","page","type-page","status-publish","hentry"],"yoast_head":"<!-- This site is optimized with the Yoast SEO plugin v24.5 - https:\/\/yoast.com\/wordpress\/plugins\/seo\/ -->\n<title>Politique de confidentialit\u00e9 - Quali V Communication<\/title>\n<meta name=\"robots\" content=\"index, follow, max-snippet:-1, max-image-preview:large, max-video-preview:-1\" \/>\n<link rel=\"canonical\" href=\"https:\/\/qualivcommunication.com\/index.php\/politique-de-confidentialite-2\/\" \/>\n<meta property=\"og:locale\" content=\"fr_FR\" \/>\n<meta property=\"og:type\" content=\"article\" \/>\n<meta property=\"og:title\" content=\"Politique de confidentialit\u00e9 - Quali V Communication\" \/>\n<meta property=\"og:description\" content=\"CGV Politique de confidentialit\u00e9 R\u00e8glement int\u00e9rieur Hamburger Toggle Menu\" \/>\n<meta property=\"og:url\" content=\"https:\/\/qualivcommunication.com\/index.php\/politique-de-confidentialite-2\/\" \/>\n<meta property=\"og:site_name\" content=\"Quali V Communication\" \/>\n<meta property=\"article:publisher\" content=\"https:\/\/www.facebook.com\/Qualivcommunication\/\" \/>\n<meta property=\"article:modified_time\" content=\"2025-06-06T13:07:51+00:00\" \/>\n<meta property=\"og:image\" content=\"https:\/\/qualivcommunication.com\/wp-content\/uploads\/2025\/06\/Capture-decran-2025-06-06-a-15.05.26.png\" \/>\n\t<meta property=\"og:image:width\" content=\"1530\" \/>\n\t<meta property=\"og:image:height\" content=\"2162\" \/>\n\t<meta property=\"og:image:type\" content=\"image\/png\" \/>\n<meta name=\"twitter:card\" content=\"summary_large_image\" \/>\n<meta name=\"twitter:label1\" content=\"Dur\u00e9e de lecture estim\u00e9e\" \/>\n\t<meta name=\"twitter:data1\" content=\"1 minute\" \/>\n<script type=\"application\/ld+json\" class=\"yoast-schema-graph\">{\"@context\":\"https:\/\/schema.org\",\"@graph\":[{\"@type\":\"WebPage\",\"@id\":\"https:\/\/qualivcommunication.com\/index.php\/politique-de-confidentialite-2\/\",\"url\":\"https:\/\/qualivcommunication.com\/index.php\/politique-de-confidentialite-2\/\",\"name\":\"Politique de confidentialit\u00e9 - Quali V Communication\",\"isPartOf\":{\"@id\":\"https:\/\/qualivcommunication.com\/#website\"},\"primaryImageOfPage\":{\"@id\":\"https:\/\/qualivcommunication.com\/index.php\/politique-de-confidentialite-2\/#primaryimage\"},\"image\":{\"@id\":\"https:\/\/qualivcommunication.com\/index.php\/politique-de-confidentialite-2\/#primaryimage\"},\"thumbnailUrl\":\"https:\/\/qualivcommunication.com\/wp-content\/uploads\/2025\/06\/Capture-decran-2025-06-06-a-15.05.26.png\",\"datePublished\":\"2022-08-20T18:09:03+00:00\",\"dateModified\":\"2025-06-06T13:07:51+00:00\",\"breadcrumb\":{\"@id\":\"https:\/\/qualivcommunication.com\/index.php\/politique-de-confidentialite-2\/#breadcrumb\"},\"inLanguage\":\"fr-FR\",\"potentialAction\":[{\"@type\":\"ReadAction\",\"target\":[\"https:\/\/qualivcommunication.com\/index.php\/politique-de-confidentialite-2\/\"]}]},{\"@type\":\"ImageObject\",\"inLanguage\":\"fr-FR\",\"@id\":\"https:\/\/qualivcommunication.com\/index.php\/politique-de-confidentialite-2\/#primaryimage\",\"url\":\"https:\/\/qualivcommunication.com\/wp-content\/uploads\/2025\/06\/Capture-decran-2025-06-06-a-15.05.26.png\",\"contentUrl\":\"https:\/\/qualivcommunication.com\/wp-content\/uploads\/2025\/06\/Capture-decran-2025-06-06-a-15.05.26.png\",\"width\":1530,\"height\":2162},{\"@type\":\"BreadcrumbList\",\"@id\":\"https:\/\/qualivcommunication.com\/index.php\/politique-de-confidentialite-2\/#breadcrumb\",\"itemListElement\":[{\"@type\":\"ListItem\",\"position\":1,\"name\":\"Accueil\",\"item\":\"https:\/\/qualivcommunication.com\/\"},{\"@type\":\"ListItem\",\"position\":2,\"name\":\"Politique de confidentialit\u00e9\"}]},{\"@type\":\"WebSite\",\"@id\":\"https:\/\/qualivcommunication.com\/#website\",\"url\":\"https:\/\/qualivcommunication.com\/\",\"name\":\"Quali V Communication\",\"description\":\"\",\"publisher\":{\"@id\":\"https:\/\/qualivcommunication.com\/#organization\"},\"potentialAction\":[{\"@type\":\"SearchAction\",\"target\":{\"@type\":\"EntryPoint\",\"urlTemplate\":\"https:\/\/qualivcommunication.com\/?s={search_term_string}\"},\"query-input\":{\"@type\":\"PropertyValueSpecification\",\"valueRequired\":true,\"valueName\":\"search_term_string\"}}],\"inLanguage\":\"fr-FR\"},{\"@type\":\"Organization\",\"@id\":\"https:\/\/qualivcommunication.com\/#organization\",\"name\":\"Quali V Communication\",\"url\":\"https:\/\/qualivcommunication.com\/\",\"logo\":{\"@type\":\"ImageObject\",\"inLanguage\":\"fr-FR\",\"@id\":\"https:\/\/qualivcommunication.com\/#\/schema\/logo\/image\/\",\"url\":\"https:\/\/qualivcommunication.com\/wp-content\/uploads\/2021\/01\/Quali-V-couleur.jpg\",\"contentUrl\":\"https:\/\/qualivcommunication.com\/wp-content\/uploads\/2021\/01\/Quali-V-couleur.jpg\",\"width\":1905,\"height\":1091,\"caption\":\"Quali V Communication\"},\"image\":{\"@id\":\"https:\/\/qualivcommunication.com\/#\/schema\/logo\/image\/\"},\"sameAs\":[\"https:\/\/www.facebook.com\/Qualivcommunication\/\",\"https:\/\/www.instagram.com\/quali_v_communication\/\"]}]}<\/script>\n<!-- \/ Yoast SEO plugin. -->","yoast_head_json":{"title":"Politique de confidentialit\u00e9 - Quali V Communication","robots":{"index":"index","follow":"follow","max-snippet":"max-snippet:-1","max-image-preview":"max-image-preview:large","max-video-preview":"max-video-preview:-1"},"canonical":"https:\/\/qualivcommunication.com\/index.php\/politique-de-confidentialite-2\/","og_locale":"fr_FR","og_type":"article","og_title":"Politique de confidentialit\u00e9 - Quali V Communication","og_description":"CGV Politique de confidentialit\u00e9 R\u00e8glement int\u00e9rieur Hamburger Toggle Menu","og_url":"https:\/\/qualivcommunication.com\/index.php\/politique-de-confidentialite-2\/","og_site_name":"Quali V Communication","article_publisher":"https:\/\/www.facebook.com\/Qualivcommunication\/","article_modified_time":"2025-06-06T13:07:51+00:00","og_image":[{"width":1530,"height":2162,"url":"https:\/\/qualivcommunication.com\/wp-content\/uploads\/2025\/06\/Capture-decran-2025-06-06-a-15.05.26.png","type":"image\/png"}],"twitter_card":"summary_large_image","twitter_misc":{"Dur\u00e9e de lecture estim\u00e9e":"1 minute"},"schema":{"@context":"https:\/\/schema.org","@graph":[{"@type":"WebPage","@id":"https:\/\/qualivcommunication.com\/index.php\/politique-de-confidentialite-2\/","url":"https:\/\/qualivcommunication.com\/index.php\/politique-de-confidentialite-2\/","name":"Politique de confidentialit\u00e9 - Quali V Communication","isPartOf":{"@id":"https:\/\/qualivcommunication.com\/#website"},"primaryImageOfPage":{"@id":"https:\/\/qualivcommunication.com\/index.php\/politique-de-confidentialite-2\/#primaryimage"},"image":{"@id":"https:\/\/qualivcommunication.com\/index.php\/politique-de-confidentialite-2\/#primaryimage"},"thumbnailUrl":"https:\/\/qualivcommunication.com\/wp-content\/uploads\/2025\/06\/Capture-decran-2025-06-06-a-15.05.26.png","datePublished":"2022-08-20T18:09:03+00:00","dateModified":"2025-06-06T13:07:51+00:00","breadcrumb":{"@id":"https:\/\/qualivcommunication.com\/index.php\/politique-de-confidentialite-2\/#breadcrumb"},"inLanguage":"fr-FR","potentialAction":[{"@type":"ReadAction","target":["https:\/\/qualivcommunication.com\/index.php\/politique-de-confidentialite-2\/"]}]},{"@type":"ImageObject","inLanguage":"fr-FR","@id":"https:\/\/qualivcommunication.com\/index.php\/politique-de-confidentialite-2\/#primaryimage","url":"https:\/\/qualivcommunication.com\/wp-content\/uploads\/2025\/06\/Capture-decran-2025-06-06-a-15.05.26.png","contentUrl":"https:\/\/qualivcommunication.com\/wp-content\/uploads\/2025\/06\/Capture-decran-2025-06-06-a-15.05.26.png","width":1530,"height":2162},{"@type":"BreadcrumbList","@id":"https:\/\/qualivcommunication.com\/index.php\/politique-de-confidentialite-2\/#breadcrumb","itemListElement":[{"@type":"ListItem","position":1,"name":"Accueil","item":"https:\/\/qualivcommunication.com\/"},{"@type":"ListItem","position":2,"name":"Politique de confidentialit\u00e9"}]},{"@type":"WebSite","@id":"https:\/\/qualivcommunication.com\/#website","url":"https:\/\/qualivcommunication.com\/","name":"Quali V Communication","description":"","publisher":{"@id":"https:\/\/qualivcommunication.com\/#organization"},"potentialAction":[{"@type":"SearchAction","target":{"@type":"EntryPoint","urlTemplate":"https:\/\/qualivcommunication.com\/?s={search_term_string}"},"query-input":{"@type":"PropertyValueSpecification","valueRequired":true,"valueName":"search_term_string"}}],"inLanguage":"fr-FR"},{"@type":"Organization","@id":"https:\/\/qualivcommunication.com\/#organization","name":"Quali V Communication","url":"https:\/\/qualivcommunication.com\/","logo":{"@type":"ImageObject","inLanguage":"fr-FR","@id":"https:\/\/qualivcommunication.com\/#\/schema\/logo\/image\/","url":"https:\/\/qualivcommunication.com\/wp-content\/uploads\/2021\/01\/Quali-V-couleur.jpg","contentUrl":"https:\/\/qualivcommunication.com\/wp-content\/uploads\/2021\/01\/Quali-V-couleur.jpg","width":1905,"height":1091,"caption":"Quali V Communication"},"image":{"@id":"https:\/\/qualivcommunication.com\/#\/schema\/logo\/image\/"},"sameAs":["https:\/\/www.facebook.com\/Qualivcommunication\/","https:\/\/www.instagram.com\/quali_v_communication\/"]}]}},"_links":{"self":[{"href":"https:\/\/qualivcommunication.com\/index.php\/wp-json\/wp\/v2\/pages\/2572","targetHints":{"allow":["GET"]}}],"collection":[{"href":"https:\/\/qualivcommunication.com\/index.php\/wp-json\/wp\/v2\/pages"}],"about":[{"href":"https:\/\/qualivcommunication.com\/index.php\/wp-json\/wp\/v2\/types\/page"}],"author":[{"embeddable":true,"href":"https:\/\/qualivcommunication.com\/index.php\/wp-json\/wp\/v2\/users\/1"}],"replies":[{"embeddable":true,"href":"https:\/\/qualivcommunication.com\/index.php\/wp-json\/wp\/v2\/comments?post=2572"}],"version-history":[{"count":15,"href":"https:\/\/qualivcommunication.com\/index.php\/wp-json\/wp\/v2\/pages\/2572\/revisions"}],"predecessor-version":[{"id":5210,"href":"https:\/\/qualivcommunication.com\/index.php\/wp-json\/wp\/v2\/pages\/2572\/revisions\/5210"}],"wp:attachment":[{"href":"https:\/\/qualivcommunication.com\/index.php\/wp-json\/wp\/v2\/media?parent=2572"}],"curies":[{"name":"wp","href":"https:\/\/api.w.org\/{rel}","templated":true}]}}