{"id":3369,"date":"2023-01-31T18:59:31","date_gmt":"2023-01-31T17:59:31","guid":{"rendered":"https:\/\/qualivcommunication.com\/?page_id=3369"},"modified":"2025-06-11T22:11:11","modified_gmt":"2025-06-11T20:11:11","slug":"relation-en-equipe","status":"publish","type":"page","link":"https:\/\/qualivcommunication.com\/index.php\/relation-en-equipe\/","title":{"rendered":"RELATION EN EQUIPE"},"content":{"rendered":"\t\t<div data-elementor-type=\"wp-page\" data-elementor-id=\"3369\" class=\"elementor elementor-3369\">\n\t\t\t\t\t\t<section class=\"elementor-section elementor-top-section elementor-element elementor-element-6dacbe6 elementor-section-boxed elementor-section-height-default elementor-section-height-default\" data-id=\"6dacbe6\" data-element_type=\"section\">\n\t\t\t\t\t\t<div class=\"elementor-container elementor-column-gap-default\">\n\t\t\t\t\t<div class=\"elementor-column elementor-col-100 elementor-top-column elementor-element elementor-element-ab5120f\" data-id=\"ab5120f\" data-element_type=\"column\">\n\t\t\t<div class=\"elementor-widget-wrap elementor-element-populated\">\n\t\t\t\t\t\t<div class=\"elementor-element elementor-element-6056354 elementor-widget elementor-widget-heading\" data-id=\"6056354\" data-element_type=\"widget\" data-widget_type=\"heading.default\">\n\t\t\t\t<div class=\"elementor-widget-container\">\n\t\t\t\t\t<h2 class=\"elementor-heading-title elementor-size-default\">NOS FORMATIONS - RELATION EN EQUIPE<\/h2>\t\t\t\t<\/div>\n\t\t\t\t<\/div>\n\t\t\t\t\t<\/div>\n\t\t<\/div>\n\t\t\t\t\t<\/div>\n\t\t<\/section>\n\t\t\t\t<section class=\"elementor-section elementor-top-section elementor-element elementor-element-bfcfda2 elementor-section-boxed elementor-section-height-default elementor-section-height-default\" data-id=\"bfcfda2\" data-element_type=\"section\">\n\t\t\t\t\t\t<div class=\"elementor-container elementor-column-gap-default\">\n\t\t\t\t\t<div class=\"elementor-column elementor-col-100 elementor-top-column elementor-element elementor-element-8bd6f13\" data-id=\"8bd6f13\" data-element_type=\"column\">\n\t\t\t<div class=\"elementor-widget-wrap elementor-element-populated\">\n\t\t\t\t\t\t<div class=\"elementor-element elementor-element-b9a6593 eael_simple_menu_hamburger_disable_selected_menu_no eael-simple-menu-hamburger-align-right eael-hamburger--tablet elementor-widget elementor-widget-eael-simple-menu\" data-id=\"b9a6593\" data-element_type=\"widget\" data-widget_type=\"eael-simple-menu.default\">\n\t\t\t\t<div class=\"elementor-widget-container\">\n\t\t\t\t\t<style>\n                        @media screen and (max-width: 1024px) {\n                            .eael-hamburger--tablet {\n                                .eael-simple-menu-horizontal,\n                                .eael-simple-menu-vertical {\n                                    display: none;\n                                }\n                            }\n                            .eael-hamburger--tablet {\n                                .eael-simple-menu-container .eael-simple-menu-toggle {\n                                    display: block;\n                                }\n                            }\n                        }\n                    <\/style>            <div data-hamburger-icon=\"&lt;i aria-hidden=&quot;true&quot; class=&quot;fas fa-bars&quot;&gt;&lt;\/i&gt;\" data-indicator-icon=\"&lt;i aria-hidden=&quot;true&quot; class=&quot;fas fa-angle-down&quot;&gt;&lt;\/i&gt;\" data-dropdown-indicator-icon=\"&lt;i class=&quot;fas fa-angle-down&quot;&gt;&lt;\/i&gt;\" class=\"eael-simple-menu-container eael-simple-menu-align-center eael-simple-menu-dropdown-align-left preset-2\" data-hamburger-breakpoints=\"{&quot;mobile&quot;:&quot;Portrait mobile (&gt; 767px)&quot;,&quot;tablet&quot;:&quot;Tablette en mode portrait (&gt; 1024px)&quot;,&quot;desktop&quot;:&quot;Desktop (&gt; 2400px)&quot;,&quot;none&quot;:&quot;None&quot;}\" data-hamburger-device=\"tablet\">\n                <ul id=\"menu-catalogue\" class=\"eael-simple-menu eael-simple-menu-dropdown-animate-to-top eael-simple-menu-indicator eael-simple-menu-horizontal\"><li id=\"menu-item-2994\" class=\"menu-item menu-item-type-custom menu-item-object-custom menu-item-2994\"><a href=\"https:\/\/qualivcommunication.com\/index.php\/formation\/\">Tout<\/a><\/li>\n<li id=\"menu-item-2996\" class=\"menu-item menu-item-type-custom menu-item-object-custom menu-item-2996\"><a href=\"https:\/\/qualivcommunication.com\/index.php\/petite-enfance\/\">Petite enfance<\/a><\/li>\n<li id=\"menu-item-2997\" class=\"menu-item menu-item-type-custom menu-item-object-custom menu-item-2997\"><a href=\"https:\/\/qualivcommunication.com\/index.php\/gerontologie\/\">G\u00e9rontologie<\/a><\/li>\n<li id=\"menu-item-2998\" class=\"menu-item menu-item-type-custom menu-item-object-custom menu-item-2998\"><a href=\"https:\/\/qualivcommunication.com\/index.php\/psychomotricien\/\">P\u00e9dagogie<\/a><\/li>\n<li id=\"menu-item-2999\" class=\"menu-item menu-item-type-custom menu-item-object-custom menu-item-2999\"><a href=\"https:\/\/qualivcommunication.com\/index.php\/developpement-personnel\/\">D\u00e9veloppement personnel<\/a><\/li>\n<li id=\"menu-item-3000\" class=\"menu-item menu-item-type-custom menu-item-object-custom menu-item-3000\"><a href=\"https:\/\/qualivcommunication.com\/index.php\/relation-en-equipe\/\">Relations en \u00e9quipe<\/a><\/li>\n<li id=\"menu-item-3050\" class=\"menu-item menu-item-type-custom menu-item-object-custom menu-item-3050\"><a href=\"https:\/\/qualivcommunication.com\/index.php\/inter-etablissement\/\">Inter \u00e9tablissements<\/a><\/li>\n<li id=\"menu-item-4763\" class=\"menu-item menu-item-type-post_type menu-item-object-page menu-item-4763\"><a href=\"https:\/\/qualivcommunication.com\/?page_id=4755\">ANFH<\/a><\/li>\n<\/ul>                <button class=\"eael-simple-menu-toggle\">\n                    <span class=\"sr-only \">Hamburger Toggle Menu<\/span>\n                    <i aria-hidden=\"true\" class=\"fas fa-bars\"><\/i>                <\/button>\n            <\/div>\n            \t\t\t\t<\/div>\n\t\t\t\t<\/div>\n\t\t\t\t\t<\/div>\n\t\t<\/div>\n\t\t\t\t\t<\/div>\n\t\t<\/section>\n\t\t\t\t<section class=\"elementor-section elementor-top-section elementor-element elementor-element-72602df elementor-section-boxed elementor-section-height-default elementor-section-height-default\" data-id=\"72602df\" data-element_type=\"section\">\n\t\t\t\t\t\t<div class=\"elementor-container elementor-column-gap-default\">\n\t\t\t\t\t<div class=\"elementor-column elementor-col-25 elementor-top-column elementor-element elementor-element-7e9c4d4\" data-id=\"7e9c4d4\" data-element_type=\"column\">\n\t\t\t<div class=\"elementor-widget-wrap elementor-element-populated\">\n\t\t\t\t\t\t<div class=\"elementor-element elementor-element-529b06d elementor-widget elementor-widget-image\" data-id=\"529b06d\" data-element_type=\"widget\" data-widget_type=\"image.default\">\n\t\t\t\t<div class=\"elementor-widget-container\">\n\t\t\t\t\t\t\t\t\t\t\t\t\t\t\t\t<a href=\"https:\/\/qualivcommunication.com\/?page_id=3272\">\n\t\t\t\t\t\t\t<img fetchpriority=\"high\" decoding=\"async\" width=\"580\" height=\"741\" src=\"https:\/\/qualivcommunication.com\/wp-content\/uploads\/2022\/12\/Capture-decran-2022-12-22-a-18.52.54.png\" class=\"attachment-large size-large wp-image-3066\" alt=\"\" srcset=\"https:\/\/qualivcommunication.com\/wp-content\/uploads\/2022\/12\/Capture-decran-2022-12-22-a-18.52.54.png 582w, https:\/\/qualivcommunication.com\/wp-content\/uploads\/2022\/12\/Capture-decran-2022-12-22-a-18.52.54-235x300.png 235w\" sizes=\"(max-width: 580px) 100vw, 580px\" \/>\t\t\t\t\t\t\t\t<\/a>\n\t\t\t\t\t\t\t\t\t\t\t\t\t\t\t<\/div>\n\t\t\t\t<\/div>\n\t\t\t\t\t<\/div>\n\t\t<\/div>\n\t\t\t\t<div class=\"elementor-column elementor-col-25 elementor-top-column elementor-element elementor-element-f412fb9\" data-id=\"f412fb9\" data-element_type=\"column\">\n\t\t\t<div class=\"elementor-widget-wrap elementor-element-populated\">\n\t\t\t\t\t\t<div class=\"elementor-element elementor-element-aba4971 elementor-widget elementor-widget-image\" data-id=\"aba4971\" data-element_type=\"widget\" data-widget_type=\"image.default\">\n\t\t\t\t<div class=\"elementor-widget-container\">\n\t\t\t\t\t\t\t\t\t\t\t\t\t\t\t\t<a href=\"https:\/\/qualivcommunication.com\/index.php\/utiliser-ses-competences-relationnelles-au-service-de-la-vie-de-lequipe\/\">\n\t\t\t\t\t\t\t<img decoding=\"async\" width=\"580\" height=\"736\" src=\"https:\/\/qualivcommunication.com\/wp-content\/uploads\/2023\/07\/Capture-decran-2023-07-14-a-15.43.29.png\" class=\"attachment-large size-large wp-image-4276\" alt=\"\" srcset=\"https:\/\/qualivcommunication.com\/wp-content\/uploads\/2023\/07\/Capture-decran-2023-07-14-a-15.43.29.png 588w, https:\/\/qualivcommunication.com\/wp-content\/uploads\/2023\/07\/Capture-decran-2023-07-14-a-15.43.29-236x300.png 236w\" sizes=\"(max-width: 580px) 100vw, 580px\" \/>\t\t\t\t\t\t\t\t<\/a>\n\t\t\t\t\t\t\t\t\t\t\t\t\t\t\t<\/div>\n\t\t\t\t<\/div>\n\t\t\t\t\t<\/div>\n\t\t<\/div>\n\t\t\t\t<div class=\"elementor-column elementor-col-25 elementor-top-column elementor-element elementor-element-0900dbb\" data-id=\"0900dbb\" data-element_type=\"column\">\n\t\t\t<div class=\"elementor-widget-wrap elementor-element-populated\">\n\t\t\t\t\t\t<div class=\"elementor-element elementor-element-e4fc257 elementor-widget elementor-widget-image\" data-id=\"e4fc257\" data-element_type=\"widget\" data-widget_type=\"image.default\">\n\t\t\t\t<div class=\"elementor-widget-container\">\n\t\t\t\t\t\t\t\t\t\t\t\t\t\t\t\t<a href=\"https:\/\/qualivcommunication.com\/index.php\/construire-et-faire-vivre-ses-projets-en-equipe\/\">\n\t\t\t\t\t\t\t<img decoding=\"async\" width=\"580\" height=\"859\" src=\"https:\/\/qualivcommunication.com\/wp-content\/uploads\/2025\/06\/Capture-decran-2025-06-11-a-21.59.45.png\" class=\"attachment-large size-large wp-image-5311\" alt=\"\" srcset=\"https:\/\/qualivcommunication.com\/wp-content\/uploads\/2025\/06\/Capture-decran-2025-06-11-a-21.59.45.png 582w, https:\/\/qualivcommunication.com\/wp-content\/uploads\/2025\/06\/Capture-decran-2025-06-11-a-21.59.45-203x300.png 203w\" sizes=\"(max-width: 580px) 100vw, 580px\" \/>\t\t\t\t\t\t\t\t<\/a>\n\t\t\t\t\t\t\t\t\t\t\t\t\t\t\t<\/div>\n\t\t\t\t<\/div>\n\t\t\t\t\t<\/div>\n\t\t<\/div>\n\t\t\t\t<div class=\"elementor-column elementor-col-25 elementor-top-column elementor-element elementor-element-47aa8df\" data-id=\"47aa8df\" data-element_type=\"column\">\n\t\t\t<div class=\"elementor-widget-wrap\">\n\t\t\t\t\t\t\t<\/div>\n\t\t<\/div>\n\t\t\t\t\t<\/div>\n\t\t<\/section>\n\t\t\t\t<section class=\"elementor-section elementor-top-section elementor-element elementor-element-f1546eb elementor-section-boxed elementor-section-height-default elementor-section-height-default\" data-id=\"f1546eb\" data-element_type=\"section\">\n\t\t\t\t\t\t<div class=\"elementor-container elementor-column-gap-default\">\n\t\t\t\t\t<div class=\"elementor-column elementor-col-100 elementor-top-column elementor-element elementor-element-5c33b1d4\" data-id=\"5c33b1d4\" data-element_type=\"column\">\n\t\t\t<div class=\"elementor-widget-wrap elementor-element-populated\">\n\t\t\t\t\t\t<div class=\"elementor-element elementor-element-6043fa79 eael_simple_menu_hamburger_disable_selected_menu_no eael-simple-menu-hamburger-align-right eael-hamburger--tablet elementor-widget elementor-widget-eael-simple-menu\" data-id=\"6043fa79\" data-element_type=\"widget\" data-widget_type=\"eael-simple-menu.default\">\n\t\t\t\t<div class=\"elementor-widget-container\">\n\t\t\t\t\t<style>\n                        @media screen and (max-width: 1024px) {\n                            .eael-hamburger--tablet {\n                                .eael-simple-menu-horizontal,\n                                .eael-simple-menu-vertical {\n                                    display: none;\n                                }\n                            }\n                            .eael-hamburger--tablet {\n                                .eael-simple-menu-container .eael-simple-menu-toggle {\n                                    display: block;\n                                }\n                            }\n                        }\n                    <\/style>            <div data-hamburger-icon=\"&lt;i aria-hidden=&quot;true&quot; class=&quot;fas fa-bars&quot;&gt;&lt;\/i&gt;\" data-indicator-icon=\"&lt;i aria-hidden=&quot;true&quot; class=&quot;fas fa-angle-down&quot;&gt;&lt;\/i&gt;\" data-dropdown-indicator-icon=\"&lt;i class=&quot;fas fa-angle-down&quot;&gt;&lt;\/i&gt;\" class=\"eael-simple-menu-container eael-simple-menu-align-center eael-simple-menu-dropdown-align-left preset-2\" data-hamburger-breakpoints=\"{&quot;mobile&quot;:&quot;Portrait mobile (&gt; 767px)&quot;,&quot;tablet&quot;:&quot;Tablette en mode portrait (&gt; 1024px)&quot;,&quot;desktop&quot;:&quot;Desktop (&gt; 2400px)&quot;,&quot;none&quot;:&quot;None&quot;}\" data-hamburger-device=\"tablet\">\n                <ul id=\"menu-pied-de-page\" class=\"eael-simple-menu eael-simple-menu-dropdown-animate-to-top eael-simple-menu-indicator eael-simple-menu-horizontal\"><li id=\"menu-item-4965\" class=\"menu-item menu-item-type-post_type menu-item-object-page menu-item-4965\"><a href=\"https:\/\/qualivcommunication.com\/index.php\/cgv\/\">CGV<\/a><\/li>\n<li id=\"menu-item-4966\" class=\"menu-item menu-item-type-post_type menu-item-object-page menu-item-4966\"><a href=\"https:\/\/qualivcommunication.com\/index.php\/politique-de-confidentialite-2\/\">Politique de confidentialit\u00e9<\/a><\/li>\n<li id=\"menu-item-4967\" class=\"menu-item menu-item-type-post_type menu-item-object-page menu-item-4967\"><a href=\"https:\/\/qualivcommunication.com\/index.php\/reglement-interieur\/\">R\u00e8glement int\u00e9rieur<\/a><\/li>\n<\/ul>                <button class=\"eael-simple-menu-toggle\">\n                    <span class=\"sr-only \">Hamburger Toggle Menu<\/span>\n                    <i aria-hidden=\"true\" class=\"fas fa-bars\"><\/i>                <\/button>\n            <\/div>\n            \t\t\t\t<\/div>\n\t\t\t\t<\/div>\n\t\t\t\t\t<\/div>\n\t\t<\/div>\n\t\t\t\t\t<\/div>\n\t\t<\/section>\n\t\t\t\t<\/div>\n\t\t","protected":false},"excerpt":{"rendered":"<p>NOS FORMATIONS &#8211; RELATION EN EQUIPE Tout Petite enfance G\u00e9rontologie P\u00e9dagogie D\u00e9veloppement personnel Relations en \u00e9quipe Inter \u00e9tablissements ANFH Hamburger Toggle Menu CGV Politique de confidentialit\u00e9 R\u00e8glement int\u00e9rieur Hamburger Toggle Menu<\/p>\n","protected":false},"author":1,"featured_media":0,"parent":0,"menu_order":0,"comment_status":"closed","ping_status":"closed","template":"elementor_header_footer","meta":{"_monsterinsights_skip_tracking":false,"_monsterinsights_sitenote_active":false,"_monsterinsights_sitenote_note":"","_monsterinsights_sitenote_category":0,"_glsr_average":0,"_glsr_ranking":0,"_glsr_reviews":0,"footnotes":""},"class_list":["post-3369","page","type-page","status-publish","hentry"],"yoast_head":"<!-- This site is optimized with the Yoast SEO plugin v24.5 - https:\/\/yoast.com\/wordpress\/plugins\/seo\/ -->\n<title>RELATION EN EQUIPE - Quali V Communication<\/title>\n<meta name=\"robots\" content=\"index, follow, max-snippet:-1, max-image-preview:large, max-video-preview:-1\" \/>\n<link rel=\"canonical\" href=\"https:\/\/qualivcommunication.com\/index.php\/relation-en-equipe\/\" \/>\n<meta property=\"og:locale\" content=\"fr_FR\" \/>\n<meta property=\"og:type\" content=\"article\" \/>\n<meta property=\"og:title\" content=\"RELATION EN EQUIPE - Quali V Communication\" \/>\n<meta property=\"og:description\" content=\"NOS FORMATIONS &#8211; RELATION EN EQUIPE Tout Petite enfance G\u00e9rontologie P\u00e9dagogie D\u00e9veloppement personnel Relations en \u00e9quipe Inter \u00e9tablissements ANFH Hamburger Toggle Menu CGV Politique de confidentialit\u00e9 R\u00e8glement int\u00e9rieur Hamburger Toggle Menu\" \/>\n<meta property=\"og:url\" content=\"https:\/\/qualivcommunication.com\/index.php\/relation-en-equipe\/\" \/>\n<meta property=\"og:site_name\" content=\"Quali V Communication\" \/>\n<meta property=\"article:publisher\" content=\"https:\/\/www.facebook.com\/Qualivcommunication\/\" \/>\n<meta property=\"article:modified_time\" content=\"2025-06-11T20:11:11+00:00\" \/>\n<meta property=\"og:image\" content=\"https:\/\/qualivcommunication.com\/wp-content\/uploads\/2022\/12\/Capture-decran-2022-12-22-a-18.52.54.png\" \/>\n\t<meta property=\"og:image:width\" content=\"582\" \/>\n\t<meta property=\"og:image:height\" content=\"744\" \/>\n\t<meta property=\"og:image:type\" content=\"image\/png\" \/>\n<meta name=\"twitter:card\" content=\"summary_large_image\" \/>\n<meta name=\"twitter:label1\" content=\"Dur\u00e9e de lecture estim\u00e9e\" \/>\n\t<meta name=\"twitter:data1\" content=\"1 minute\" \/>\n<script type=\"application\/ld+json\" class=\"yoast-schema-graph\">{\"@context\":\"https:\/\/schema.org\",\"@graph\":[{\"@type\":\"WebPage\",\"@id\":\"https:\/\/qualivcommunication.com\/index.php\/relation-en-equipe\/\",\"url\":\"https:\/\/qualivcommunication.com\/index.php\/relation-en-equipe\/\",\"name\":\"RELATION EN EQUIPE - Quali V Communication\",\"isPartOf\":{\"@id\":\"https:\/\/qualivcommunication.com\/#website\"},\"primaryImageOfPage\":{\"@id\":\"https:\/\/qualivcommunication.com\/index.php\/relation-en-equipe\/#primaryimage\"},\"image\":{\"@id\":\"https:\/\/qualivcommunication.com\/index.php\/relation-en-equipe\/#primaryimage\"},\"thumbnailUrl\":\"https:\/\/qualivcommunication.com\/wp-content\/uploads\/2022\/12\/Capture-decran-2022-12-22-a-18.52.54.png\",\"datePublished\":\"2023-01-31T17:59:31+00:00\",\"dateModified\":\"2025-06-11T20:11:11+00:00\",\"breadcrumb\":{\"@id\":\"https:\/\/qualivcommunication.com\/index.php\/relation-en-equipe\/#breadcrumb\"},\"inLanguage\":\"fr-FR\",\"potentialAction\":[{\"@type\":\"ReadAction\",\"target\":[\"https:\/\/qualivcommunication.com\/index.php\/relation-en-equipe\/\"]}]},{\"@type\":\"ImageObject\",\"inLanguage\":\"fr-FR\",\"@id\":\"https:\/\/qualivcommunication.com\/index.php\/relation-en-equipe\/#primaryimage\",\"url\":\"https:\/\/qualivcommunication.com\/wp-content\/uploads\/2022\/12\/Capture-decran-2022-12-22-a-18.52.54.png\",\"contentUrl\":\"https:\/\/qualivcommunication.com\/wp-content\/uploads\/2022\/12\/Capture-decran-2022-12-22-a-18.52.54.png\",\"width\":582,\"height\":744},{\"@type\":\"BreadcrumbList\",\"@id\":\"https:\/\/qualivcommunication.com\/index.php\/relation-en-equipe\/#breadcrumb\",\"itemListElement\":[{\"@type\":\"ListItem\",\"position\":1,\"name\":\"Accueil\",\"item\":\"https:\/\/qualivcommunication.com\/\"},{\"@type\":\"ListItem\",\"position\":2,\"name\":\"RELATION EN EQUIPE\"}]},{\"@type\":\"WebSite\",\"@id\":\"https:\/\/qualivcommunication.com\/#website\",\"url\":\"https:\/\/qualivcommunication.com\/\",\"name\":\"Quali V Communication\",\"description\":\"\",\"publisher\":{\"@id\":\"https:\/\/qualivcommunication.com\/#organization\"},\"potentialAction\":[{\"@type\":\"SearchAction\",\"target\":{\"@type\":\"EntryPoint\",\"urlTemplate\":\"https:\/\/qualivcommunication.com\/?s={search_term_string}\"},\"query-input\":{\"@type\":\"PropertyValueSpecification\",\"valueRequired\":true,\"valueName\":\"search_term_string\"}}],\"inLanguage\":\"fr-FR\"},{\"@type\":\"Organization\",\"@id\":\"https:\/\/qualivcommunication.com\/#organization\",\"name\":\"Quali V Communication\",\"url\":\"https:\/\/qualivcommunication.com\/\",\"logo\":{\"@type\":\"ImageObject\",\"inLanguage\":\"fr-FR\",\"@id\":\"https:\/\/qualivcommunication.com\/#\/schema\/logo\/image\/\",\"url\":\"https:\/\/qualivcommunication.com\/wp-content\/uploads\/2021\/01\/Quali-V-couleur.jpg\",\"contentUrl\":\"https:\/\/qualivcommunication.com\/wp-content\/uploads\/2021\/01\/Quali-V-couleur.jpg\",\"width\":1905,\"height\":1091,\"caption\":\"Quali V Communication\"},\"image\":{\"@id\":\"https:\/\/qualivcommunication.com\/#\/schema\/logo\/image\/\"},\"sameAs\":[\"https:\/\/www.facebook.com\/Qualivcommunication\/\",\"https:\/\/www.instagram.com\/quali_v_communication\/\"]}]}<\/script>\n<!-- \/ Yoast SEO plugin. -->","yoast_head_json":{"title":"RELATION EN EQUIPE - Quali V Communication","robots":{"index":"index","follow":"follow","max-snippet":"max-snippet:-1","max-image-preview":"max-image-preview:large","max-video-preview":"max-video-preview:-1"},"canonical":"https:\/\/qualivcommunication.com\/index.php\/relation-en-equipe\/","og_locale":"fr_FR","og_type":"article","og_title":"RELATION EN EQUIPE - Quali V Communication","og_description":"NOS FORMATIONS &#8211; RELATION EN EQUIPE Tout Petite enfance G\u00e9rontologie P\u00e9dagogie D\u00e9veloppement personnel Relations en \u00e9quipe Inter \u00e9tablissements ANFH Hamburger Toggle Menu CGV Politique de confidentialit\u00e9 R\u00e8glement int\u00e9rieur Hamburger Toggle Menu","og_url":"https:\/\/qualivcommunication.com\/index.php\/relation-en-equipe\/","og_site_name":"Quali V Communication","article_publisher":"https:\/\/www.facebook.com\/Qualivcommunication\/","article_modified_time":"2025-06-11T20:11:11+00:00","og_image":[{"width":582,"height":744,"url":"https:\/\/qualivcommunication.com\/wp-content\/uploads\/2022\/12\/Capture-decran-2022-12-22-a-18.52.54.png","type":"image\/png"}],"twitter_card":"summary_large_image","twitter_misc":{"Dur\u00e9e de lecture estim\u00e9e":"1 minute"},"schema":{"@context":"https:\/\/schema.org","@graph":[{"@type":"WebPage","@id":"https:\/\/qualivcommunication.com\/index.php\/relation-en-equipe\/","url":"https:\/\/qualivcommunication.com\/index.php\/relation-en-equipe\/","name":"RELATION EN EQUIPE - Quali V Communication","isPartOf":{"@id":"https:\/\/qualivcommunication.com\/#website"},"primaryImageOfPage":{"@id":"https:\/\/qualivcommunication.com\/index.php\/relation-en-equipe\/#primaryimage"},"image":{"@id":"https:\/\/qualivcommunication.com\/index.php\/relation-en-equipe\/#primaryimage"},"thumbnailUrl":"https:\/\/qualivcommunication.com\/wp-content\/uploads\/2022\/12\/Capture-decran-2022-12-22-a-18.52.54.png","datePublished":"2023-01-31T17:59:31+00:00","dateModified":"2025-06-11T20:11:11+00:00","breadcrumb":{"@id":"https:\/\/qualivcommunication.com\/index.php\/relation-en-equipe\/#breadcrumb"},"inLanguage":"fr-FR","potentialAction":[{"@type":"ReadAction","target":["https:\/\/qualivcommunication.com\/index.php\/relation-en-equipe\/"]}]},{"@type":"ImageObject","inLanguage":"fr-FR","@id":"https:\/\/qualivcommunication.com\/index.php\/relation-en-equipe\/#primaryimage","url":"https:\/\/qualivcommunication.com\/wp-content\/uploads\/2022\/12\/Capture-decran-2022-12-22-a-18.52.54.png","contentUrl":"https:\/\/qualivcommunication.com\/wp-content\/uploads\/2022\/12\/Capture-decran-2022-12-22-a-18.52.54.png","width":582,"height":744},{"@type":"BreadcrumbList","@id":"https:\/\/qualivcommunication.com\/index.php\/relation-en-equipe\/#breadcrumb","itemListElement":[{"@type":"ListItem","position":1,"name":"Accueil","item":"https:\/\/qualivcommunication.com\/"},{"@type":"ListItem","position":2,"name":"RELATION EN EQUIPE"}]},{"@type":"WebSite","@id":"https:\/\/qualivcommunication.com\/#website","url":"https:\/\/qualivcommunication.com\/","name":"Quali V Communication","description":"","publisher":{"@id":"https:\/\/qualivcommunication.com\/#organization"},"potentialAction":[{"@type":"SearchAction","target":{"@type":"EntryPoint","urlTemplate":"https:\/\/qualivcommunication.com\/?s={search_term_string}"},"query-input":{"@type":"PropertyValueSpecification","valueRequired":true,"valueName":"search_term_string"}}],"inLanguage":"fr-FR"},{"@type":"Organization","@id":"https:\/\/qualivcommunication.com\/#organization","name":"Quali V Communication","url":"https:\/\/qualivcommunication.com\/","logo":{"@type":"ImageObject","inLanguage":"fr-FR","@id":"https:\/\/qualivcommunication.com\/#\/schema\/logo\/image\/","url":"https:\/\/qualivcommunication.com\/wp-content\/uploads\/2021\/01\/Quali-V-couleur.jpg","contentUrl":"https:\/\/qualivcommunication.com\/wp-content\/uploads\/2021\/01\/Quali-V-couleur.jpg","width":1905,"height":1091,"caption":"Quali V Communication"},"image":{"@id":"https:\/\/qualivcommunication.com\/#\/schema\/logo\/image\/"},"sameAs":["https:\/\/www.facebook.com\/Qualivcommunication\/","https:\/\/www.instagram.com\/quali_v_communication\/"]}]}},"_links":{"self":[{"href":"https:\/\/qualivcommunication.com\/index.php\/wp-json\/wp\/v2\/pages\/3369","targetHints":{"allow":["GET"]}}],"collection":[{"href":"https:\/\/qualivcommunication.com\/index.php\/wp-json\/wp\/v2\/pages"}],"about":[{"href":"https:\/\/qualivcommunication.com\/index.php\/wp-json\/wp\/v2\/types\/page"}],"author":[{"embeddable":true,"href":"https:\/\/qualivcommunication.com\/index.php\/wp-json\/wp\/v2\/users\/1"}],"replies":[{"embeddable":true,"href":"https:\/\/qualivcommunication.com\/index.php\/wp-json\/wp\/v2\/comments?post=3369"}],"version-history":[{"count":18,"href":"https:\/\/qualivcommunication.com\/index.php\/wp-json\/wp\/v2\/pages\/3369\/revisions"}],"predecessor-version":[{"id":5318,"href":"https:\/\/qualivcommunication.com\/index.php\/wp-json\/wp\/v2\/pages\/3369\/revisions\/5318"}],"wp:attachment":[{"href":"https:\/\/qualivcommunication.com\/index.php\/wp-json\/wp\/v2\/media?parent=3369"}],"curies":[{"name":"wp","href":"https:\/\/api.w.org\/{rel}","templated":true}]}}